{"id":1027,"date":"2021-09-15T09:25:08","date_gmt":"2021-09-15T14:25:08","guid":{"rendered":"https:\/\/www.movilidadmachala.gob.ec\/web\/?page_id=1027"},"modified":"2026-04-10T10:30:43","modified_gmt":"2026-04-10T15:30:43","slug":"tramites-y-formularios","status":"publish","type":"page","link":"https:\/\/www.movilidadmachala.gob.ec\/web\/tramites-y-formularios\/","title":{"rendered":"TRAMITES Y FORMULARIOS"},"content":{"rendered":"<p>[vc_row][vc_column][vc_empty_space height=\u00bb30px\u00bb hide_on_mobile=\u00bb\u00bb][\/vc_column][\/vc_row][vc_row][vc_column width=\u00bb1\/5&#8243;][\/vc_column][vc_column width=\u00bb1\/5&#8243;][\/vc_column][vc_column width=\u00bb1\/5&#8243;][\/vc_column][vc_column width=\u00bb1\/5&#8243;][\/vc_column][vc_column width=\u00bb1\/5&#8243;][\/vc_column][vc_column][vc_empty_space height=\u00bb52px\u00bb hide_on_mobile=\u00bb\u00bb][\/vc_column][\/vc_row][vc_row][vc_column][vc_column_text][\/vc_column_text][\/vc_column][\/vc_row][vc_row][\/vc_row][vc_column][\/vc_column][vc_wp_text][\/vc_wp_text][vc_row][vc_column][vc_column_text]<\/p>\n<h3>TR\u00c1MITES Y FOMULARIOS<\/h3>\n<h4>TR\u00c1MITES<\/h4>\n<ul>\n<li><a href=\"https:\/\/www.movilidadmachala.gob.ec\/web\/revision-tecnica-vehicular-y-matriculacion\/\">REVISI\u00d3N T\u00c9CNICA VEHICULAR Y MATRICULACI\u00d3N<\/a><\/li>\n<li><a href=\"https:\/\/www.movilidadmachala.gob.ec\/web\/actualizacion-de-datos-de-personas-naturales-y-juridicas\/\">ACTUALIZACI\u00d3N DE DATOS DE PERSONAS NATURALES Y JUR\u00cdDICAS<\/a><\/li>\n<li><a href=\"https:\/\/www.movilidadmachala.gob.ec\/web\/emision-de-matricula-por-primera-vez\/\">EMISI\u00d3N DE MATR\u00cdCULA POR PRIMERA VEZ<\/a><\/li>\n<li><a href=\"https:\/\/www.movilidadmachala.gob.ec\/web\/duplicado-de-matricula\/\">DUPLICADO DE MATR\u00cdCULA<\/a><\/li>\n<li><a href=\"https:\/\/www.movilidadmachala.gob.ec\/web\/duplicado-de-adhesivo-de-revision-tecnica-vehicular\/\">DUPLICADO DE ADHESIVO DE REVISI\u00d3N T\u00c9CNICA VEHICULAR<\/a><\/li>\n<li><a href=\"https:\/\/www.movilidadmachala.gob.ec\/web\/transferencia-de-dominio\/\">TRANSFERENCIA DE DOMINIO<\/a><\/li>\n<li><a href=\"https:\/\/www.movilidadmachala.gob.ec\/web\/cambio-de-caracteristicas\/\">CAMBIO DE CARACTER\u00cdSTICAS<\/a><\/li>\n<li><a href=\"https:\/\/www.movilidadmachala.gob.ec\/web\/cambio-de-servicio\/\">CAMBIO DE SERVICIO<\/a><\/li>\n<li><a href=\"https:\/\/www.movilidadmachala.gob.ec\/web\/verificacion-y-o-rectificacion-de-numero-de-identificacion-del-vehiculo-numero-de-chasis-y-numero-de-motor\/\">VERIFICACI\u00d3N Y\/O RECTIFICACI\u00d3N DE N\u00daMERO DE IDENTIFICACI\u00d3N DEL VEH\u00cdCULO (N\u00daMERO DE CHASIS) Y N\u00daMERO DE MOTOR<\/a><\/li>\n<li><a href=\"https:\/\/www.movilidadmachala.gob.ec\/web\/bloqueo-de-vehiculo\/\">BLOQUEO DE VEH\u00cdCULO<\/a><\/li>\n<li><a href=\"https:\/\/www.movilidadmachala.gob.ec\/web\/baja-de-vehiculo\/\">BAJA DE VEH\u00cdCULO<\/a><\/li>\n<li><a href=\"https:\/\/www.movilidadmachala.gob.ec\/web\/emision-de-certificado-vehicular\/\">EMISI\u00d3N DE CERTIFICADO VEHICULAR<\/a><\/li>\n<li><a href=\"https:\/\/www.movilidadmachala.gob.ec\/web\/procedimiento-para-matricula-de-vehiculos-del-sector-publico\/\">PROCEDIMIENTO PARA MATRICULA DE VEH\u00cdCULOS DEL SECTOR P\u00daBLICO<\/a><\/li>\n<li><a href=\"https:\/\/www.movilidadmachala.gob.ec\/web\/renovacion-de-permiso-de-circulacion\/\">RENOVACI\u00d3N DE PERMISO DE CIRCULACI\u00d3N<\/a><\/li>\n<li><a href=\"https:\/\/www.movilidadmachala.gob.ec\/web\/desbloqueo-vehicular\/\">DESBLOQUEO VEHICULAR<\/a><\/li>\n<li><a href=\"https:\/\/www.movilidadmachala.gob.ec\/web\/reemplazo-de-placas\/\">REEMPLAZO DE PLACAS<\/a><\/li>\n<li><a href=\"https:\/\/www.movilidadmachala.gob.ec\/web\/modelo-de-solicitudes\/\">MODELO DE SOLICITUDES<\/a><\/li>\n<\/ul>\n<h4>FORMULARIOS<\/h4>\n<ul>\n<li><a href=\"https:\/\/www.movilidadmachala.gob.ec\/web\/wp-content\/uploads\/2022\/01\/CARTA-DE-AUTORIZACION-SIMPLE-2-1.docx\">CARTA DE AUTORIZACI\u00d3N SIMPLE<\/a><\/li>\n<li><a href=\"https:\/\/www.movilidadmachala.gob.ec\/web\/wp-content\/uploads\/2022\/01\/SOLICITUD-BAJA-VEHICULAR.pdf\">SOLICITUD BAJA VEHICULAR<\/a><\/li>\n<li><a href=\"https:\/\/www.movilidadmachala.gob.ec\/web\/wp-content\/uploads\/2022\/01\/SOLICITUD-PARA-BLOQUEO-VEHICULAR-1.docx\">SOLICITUD PARA BLOQUEO VEHICULAR<\/a><\/li>\n<li><a href=\"https:\/\/www.movilidadmachala.gob.ec\/web\/wp-content\/uploads\/2022\/01\/SOLICITUD-PARA-DESBLOQUEO-VEHICULAR-2.docx\">SOLICITUD PARA DESBLOQUEO VEHICULAR<\/a><\/li>\n<li><a href=\"https:\/\/www.movilidadmachala.gob.ec\/web\/formulario-de-reclamos-por-sanciones-de-parqueo-tarifado\/\" target=\"_blank\" rel=\"noopener\">FORMULARIO DE RECLAMOS POR SANCIONES DE PARQUEO TARIFADO<\/a><\/li>\n<li><a href=\"https:\/\/www.movilidadmachala.gob.ec\/web\/wp-content\/uploads\/2026\/04\/1.-INFORME-DE-FACTIBILIDAD-PARA-INGRESO-Y-SALIDA-VEHICULAR-1.pdf\" target=\"_blank\" rel=\"noopener\">INFORME DE FACTIBILIDAD PARA INGRESO Y SALIDA VEHICULAR<\/a><\/li>\n<li><a href=\"https:\/\/www.movilidadmachala.gob.ec\/web\/wp-content\/uploads\/2026\/04\/2.-INFORME-DE-FACTIBILIDAD-PARA-INGRESO-Y-SALIDA-VEHICULAR-GARAJE-PUBLICO-PRIVADO-1.pdf\" target=\"_blank\" rel=\"noopener\">INFORME DE FACTIBILIDAD PARA INGRESO Y SALIDA VEHICULAR (GARAJE P\u00daBLICO PRIVADO)<\/a><\/li>\n<li><a href=\"https:\/\/www.movilidadmachala.gob.ec\/web\/wp-content\/uploads\/2026\/04\/3.-INFORME-DE-FACTIBILIDAD-PARA-EL-INGRESO-Y-SALIDA-VEHICULAR-PREVIO-A-LA-OBTENCION-DEL-PERMISO-DE-CONSTRUCCION-MUNICIPAL.pdf\" target=\"_blank\" rel=\"noopener\">INFORME DE FACTIBILIDAD PARA EL INGRESO Y SALIDA VEHICULAR PREVIO A LA OBTENCI\u00d3N DEL PERMISO DE CONSTRUCCI\u00d3N MUNICIPAL<\/a><\/li>\n<li><a href=\"https:\/\/www.movilidadmachala.gob.ec\/web\/wp-content\/uploads\/2026\/04\/4.-INFORME-DE-FACTIBILIDAD-PARA-PARQUEADEROS-EN-LA-VIA-PUBLICA-PARA-TAXIS-AMBULANCIAS-HOTELES-1.pdf\" target=\"_blank\" rel=\"noopener\">INFORME DE FACTIBILIDAD PARA PARQUEADEROS EN LA VIA P\u00daBLICA PARA (TAXIS, AMBULANCIAS, HOTELES)<\/a><\/li>\n<li><a href=\"https:\/\/www.movilidadmachala.gob.ec\/web\/wp-content\/uploads\/2026\/04\/5.-INFORME-PREVIO-PARA-PERMISO-DE-CIERRE-DE-VIAS-1.pdf\" target=\"_blank\" rel=\"noopener\">INFORME PREVIO PARA PERMISO DE CIERRE DE V\u00cdAS<\/a><\/li>\n<li><a href=\"https:\/\/www.movilidadmachala.gob.ec\/web\/wp-content\/uploads\/2026\/04\/6.-INFORME-PREVIO-PARA-EL-INGRESO-Y-SALIDA-DE-LA-CIUDAD-PARA-LOS-VEHICULOS-DEL-TRANSPORTE-INTRAPROVINCIAL-INTRACANTONAL-INTERPROVINCIA.pdf\" target=\"_blank\" rel=\"noopener\">INFORME PREVIO PARA EL INGRESO Y SALIDA DE LA CIUDAD PARA LOS VEHICULOS DEL TRANSPORTE, INTRAPROVINCIAL, INTRACANTONAL.<\/a><\/li>\n<li><a href=\"https:\/\/www.movilidadmachala.gob.ec\/web\/wp-content\/uploads\/2026\/04\/7.-INFORME-PREVIO-PARA-LA-INSTALACION-DE-SENALIZACION-VERTICAL-DEMARCACION-DE-SENALIZACION-HORIZONTAL-Y-COLOCACION-DE-INTERSECCIONES-SEM.pdf\" target=\"_blank\" rel=\"noopener\">INFORME PREVIO PARA LA INSTALACI\u00d3N DE SE\u00d1ALIZACI\u00d3N VERTICAL, DEMARCACI\u00d3N DE SE\u00d1ALIZACI\u00d3N HORIZONTAL Y COLOCACI\u00d3N DE INTERSECCIONES<\/a><\/li>\n<li><a href=\"https:\/\/www.movilidadmachala.gob.ec\/web\/wp-content\/uploads\/2026\/04\/8.-INFORME-PARA-OBTENCION-DE-LA-AUTORIZACION-DE-RUTAS-Y-HORARIOS-DE-CIRCULACION-DE-CARGA-PESADA-1.pdf\" target=\"_blank\" rel=\"noopener\">INFORME PARA OBTENCI\u00d3N DE LA AUTORIZACI\u00d3N DE RUTAS Y HORARIOS DE CIRCULACI\u00d3N DE CARGA PESADA<\/a><\/li>\n<li><a href=\"https:\/\/www.movilidadmachala.gob.ec\/web\/wp-content\/uploads\/2026\/04\/9.-INFORME-PARA-EMISION-DE-SALVOCONDUCTO-PARA-RESIDENTES-EN-ZONA-SERTMA-1.pdf\" target=\"_blank\" rel=\"noopener\">INFORME PARA EMISI\u00d3N DE SALVOCONDUCTO PARA RESIDENTES EN ZONA SERTMA.<\/a><\/li>\n<\/ul>\n<h4>FORMULARIOS TRANSPORTE P\u00daBLICO<\/h4>\n<ul>\n<li><a href=\"https:\/\/www.movilidadmachala.gob.ec\/web\/wp-content\/uploads\/2026\/04\/001-SOLICITUD-DE-FINALIZACION-DE-TRAMITES-FORMATO-2026.docx\">001 \u2013 SOLICITUD DE FINALIZACI\u00d3N DE TR\u00c1MITE<\/a><\/li>\n<li><a href=\"https:\/\/www.movilidadmachala.gob.ec\/web\/wp-content\/uploads\/2026\/04\/002-SOLICITUD-DE-ACTUALIZACION-DE-DATOS-CON-COSTO.docx\">002 \u2013 SOLICITUD DE ACTUALIZACI\u00d3N DE DATOS CON COSTO<\/a><\/li>\n<li><a href=\"https:\/\/www.movilidadmachala.gob.ec\/web\/wp-content\/uploads\/2024\/01\/003-SOLICITUD-ANULACION-O-SUSPENSION-DE-GESTORES.docx\">003 \u2013 SOLICITUD ANULACI\u00d3N O SUSPENSI\u00d3N DE GESTORES<\/a><\/li>\n<li><a href=\"https:\/\/www.movilidadmachala.gob.ec\/web\/wp-content\/uploads\/2024\/01\/004-SOLICITUD-CALIFICACION-DE-GESTORES.docx\">004 \u2013 SOLICITUD CALIFICACI\u00d3N DE GESTORES<\/a><\/li>\n<li><a href=\"https:\/\/www.movilidadmachala.gob.ec\/web\/wp-content\/uploads\/2024\/01\/005-SOLICITUD-RENOVACION-DE-CONCESIONARIA.docx\">005 \u2013 SOLICITUD RENOVACI\u00d3N DE CONCESIONARIA<\/a><\/li>\n<li><a href=\"https:\/\/www.movilidadmachala.gob.ec\/web\/wp-content\/uploads\/2026\/04\/006-CAMBIO-DE-SOCIO.xls\">006 \u2013 FORMULARIO DE CAMBIO DE SOCIO<\/a><\/li>\n<li><a href=\"https:\/\/www.movilidadmachala.gob.ec\/web\/wp-content\/uploads\/2026\/04\/007-DESHABILITACION-DE-VEHICULO.xls\">007 \u2013 FORMULARIO DE DESHABILITACION DE VEHICULO<\/a><\/li>\n<li><a href=\"https:\/\/www.movilidadmachala.gob.ec\/web\/wp-content\/uploads\/2026\/04\/008-HABILITACION-DE-VEHICULO.xls\">008 \u2013 FORMULARIO DE HABILITACION DE VEHICULO<\/a><\/li>\n<li><a href=\"https:\/\/www.movilidadmachala.gob.ec\/web\/wp-content\/uploads\/2026\/04\/009-CAMBIO-DE-SOCIO-CON-HABILITACION-DE-VEHICULO.xls\">009 \u2013 FORMULARIO CAMBIO DE SOCIO CON HABILITACION DE VEHICULO<\/a><\/li>\n<li><a href=\"https:\/\/www.movilidadmachala.gob.ec\/web\/wp-content\/uploads\/2026\/04\/010-FORMULARIO-DE-CONCESION-DEL-PERMISO-DE-OPERACION.xls\">010 \u2013 FORMULARIO DE CONCESION DEL PERMISO DE OPERACION<\/a><\/li>\n<li><a href=\"https:\/\/www.movilidadmachala.gob.ec\/web\/wp-content\/uploads\/2024\/01\/011-FORMULARIO-DE-RESOLUCION-DE-FACTIBILIDAD-CONSTITUCION-JURIDICA.xls\">011 \u2013\u00a0<\/a><a href=\"https:\/\/www.movilidadmachala.gob.ec\/web\/wp-content\/uploads\/2024\/01\/011-FORMULARIO-DE-RESOLUCION-DE-FACTIBILIDAD-CONSTITUCION-JURIDICA.xls\">\u00a0FORMULARIO DE RESOLUCION DE FACTIBILIDAD CONSTITUCION JURIDICA<\/a><\/li>\n<li><a href=\"https:\/\/www.movilidadmachala.gob.ec\/web\/wp-content\/uploads\/2026\/04\/012-FORMULARIO-DE-CONCESION-DEL-CONTRATO-DE-OPERACION.xls\">012 \u2013 FORMULARIO DE CONCESION CONTRATO DE OPERACION<\/a><\/li>\n<li><a href=\"https:\/\/www.movilidadmachala.gob.ec\/web\/wp-content\/uploads\/2026\/04\/013-RENOVACION-DEL-PERMISO-DE-OPERACION.xls\">013 \u2013 FORMULARIO DE RENOVACION DEL PERMISO DE OPERACION<\/a><\/li>\n<li><a href=\"https:\/\/www.movilidadmachala.gob.ec\/web\/wp-content\/uploads\/2024\/01\/014-FORMULARIO-DE-RENOVACION-DE-CONTRATO-DE-OPERACION.xls\">014 \u2013 FORMULARIO DE RENOVACION DE CONTRATO DE OPERACION<\/a><\/li>\n<li><a href=\"https:\/\/www.movilidadmachala.gob.ec\/web\/wp-content\/uploads\/2026\/04\/015-SOLICITUD-PARA-ORDEN-DE-PAGO-DE-RTV-VOLUNTARIA-PERSONA-NATURAL.docx\">015 \u2013 SOLICITUD PARA ORDEN DE PAGO RTV VOLUNTARIA PERSONA NATURAL<\/a><\/li>\n<li><a href=\"https:\/\/www.movilidadmachala.gob.ec\/web\/wp-content\/uploads\/2026\/04\/016-SOLICITUD-PARA-ORDEN-DE-PAGO-DE-RTV-VOLUNTARIA-DE-PERSONA-JURIDICA.docx\">016 \u2013 SOLICITUD PARA ORDEN DE PAGO RTV VOLUNTARIA PERSONA JUR\u00cdDICA<\/a><\/li>\n<li><a href=\"https:\/\/www.movilidadmachala.gob.ec\/web\/wp-content\/uploads\/2024\/01\/017-FORMULARIO-DE-INCREMENTO-DE-CUPO.xls\">017 \u2013 FORMULARIO DE INCREMENTO DE CUPO<\/a><\/li>\n<li><a href=\"https:\/\/www.movilidadmachala.gob.ec\/web\/wp-content\/uploads\/2026\/04\/018-RENOVACION-DE-CONTRATO-DE-OPERACION-MODIFICADO.xls\">018 \u2013 SOLICITUD REGISTRO DE CONCESIONARIA<\/a><\/li>\n<li><a href=\"https:\/\/www.movilidadmachala.gob.ec\/web\/wp-content\/uploads\/2026\/04\/019-SOLICITUD-DE-ANULACION-DE-TRAMITE-SIN-DEVOLUCION.docx\">019 \u2013 SOLICITUD DE ANULACI\u00d3N DE TR\u00c1MITE SIN DEVOLUCI\u00d3N<\/a><\/li>\n<\/ul>\n<h4>PLACAS ANTIGUAS<\/h4>\n<ul>\n<li><a href=\"https:\/\/www.movilidadmachala.gob.ec\/web\/wp-content\/uploads\/2022\/06\/LISTADO-PLACAS-MOTOS-2013-2017.pdf\" target=\"_blank\" rel=\"noopener\">Listado de Placas de Motos Periodo 2013-2017<\/a><\/li>\n<li><a href=\"https:\/\/www.movilidadmachala.gob.ec\/web\/wp-content\/uploads\/2022\/06\/LISTADO-PLACAS-MOTOS-2018-2019.pdf\" target=\"_blank\" rel=\"noopener\">Listado de Placas de Motos Periodo 2018-2019<\/a><\/li>\n<li><a href=\"https:\/\/www.movilidadmachala.gob.ec\/web\/wp-content\/uploads\/2022\/06\/LISTADO-PLACAS-MOTOS-2019-2020.pdf\" target=\"_blank\" rel=\"noopener\">Listado de Placas de Motos Periodo 2019-2020<\/a><\/li>\n<li><a href=\"https:\/\/www.movilidadmachala.gob.ec\/web\/wp-content\/uploads\/2022\/06\/LISTADO-PLACAS-VEHICULOS-PARTICUALRES-2020-2021.pdf\" target=\"_blank\" rel=\"noopener\">Listado de Placas de Veh\u00edculos Particulares 2020-2021<\/a><\/li>\n<li><a href=\"https:\/\/www.movilidadmachala.gob.ec\/web\/wp-content\/uploads\/2022\/06\/LISTADO-PLACAS-VEHICULOS-PUBLICOS-2020-2021.pdf\" target=\"_blank\" rel=\"noopener\">Listado de Placas de Veh\u00edculos P\u00fablicos 2020-2021<\/a><\/li>\n<\/ul>\n<h4>PLACAS 2022<\/h4>\n<ul>\n<li><a href=\"https:\/\/www.movilidadmachala.gob.ec\/web\/wp-content\/uploads\/2022\/06\/1ER-LISTADO-PLACAS-2022.pdf\" target=\"_blank\" rel=\"noopener\">1er Listado de Placas de Veh\u00edculos Particulares 2022<\/a><\/li>\n<li><a href=\"https:\/\/www.movilidadmachala.gob.ec\/web\/wp-content\/uploads\/2022\/06\/1ER-LISTADO-PLACAS-NUEVAS-PARTICULARES-2022.pdf\" target=\"_blank\" rel=\"noopener\">1er Listado de Placas Nuevas de Veh\u00edculos Particulares 2022<\/a><\/li>\n<li><a href=\"https:\/\/www.movilidadmachala.gob.ec\/web\/wp-content\/uploads\/2022\/06\/1ER-LISTADO-PLACAS-MOTOS-JF-F-2022.pdf\" target=\"_blank\" rel=\"noopener\">1er Listado de Placas de Motos JF-F 2022<\/a><\/li>\n<li><a href=\"https:\/\/www.movilidadmachala.gob.ec\/web\/wp-content\/uploads\/2022\/06\/1ER-LISTADO-PLACAS-NUEVAS-PUBLICAS-2022.pdf\" target=\"_blank\" rel=\"noopener\">1er Listado de Placas Nuevas de Veh\u00edculos P\u00fablicos 2022<\/a><\/li>\n<li><a href=\"https:\/\/www.movilidadmachala.gob.ec\/web\/wp-content\/uploads\/2022\/10\/LISTADO-PLACAS-MOTOS-OCT-2022.pdf\" target=\"_blank\" rel=\"noopener\">Listado de Placas de Motos Octubre 2022<\/a><\/li>\n<li><a href=\"https:\/\/www.movilidadmachala.gob.ec\/web\/wp-content\/uploads\/2022\/10\/LISTA-PLACAS-VEHICULOS-OCT-2022.pdf\" target=\"_blank\" rel=\"noopener\">Listado de Placas de Veh\u00edculos Octubre 2022<\/a><\/li>\n<\/ul>\n<h4>PLACAS 2023<\/h4>\n<ul>\n<li><a href=\"https:\/\/www.movilidadmachala.gob.ec\/web\/wp-content\/uploads\/2023\/01\/Listado-de-Placas-de-Motos-Enero-2023.pdf\" target=\"_blank\" rel=\"noopener\">Listado de Placas de Motos Enero 2023<\/a><\/li>\n<li><a href=\"https:\/\/www.movilidadmachala.gob.ec\/web\/wp-content\/uploads\/2023\/01\/Listado-de-Placas-Vehiculos-Publicos-Enero-2023.pdf\" target=\"_blank\" rel=\"noopener\"> Listado de Placas de Veh\u00edculos P\u00fablicos Enero 2023<\/a><\/li>\n<li><a href=\"https:\/\/www.movilidadmachala.gob.ec\/web\/wp-content\/uploads\/2023\/01\/Listado-de-Placas-Vehiculos-Particulares-Enero-2023.pdf\" target=\"_blank\" rel=\"noopener\">Listado de Placas de Veh\u00edculos Particulares Enero 2023<\/a><\/li>\n<li><a href=\"https:\/\/www.movilidadmachala.gob.ec\/web\/wp-content\/uploads\/2023\/05\/Listado-de-Placas-de-Motos-Duplicados-Abril-2023.pdf\" target=\"_blank\" rel=\"noopener\">Listado de Placas de Motos (Duplicados) Abril 2023<\/a><\/li>\n<li><a href=\"https:\/\/www.movilidadmachala.gob.ec\/web\/wp-content\/uploads\/2023\/05\/Lista-de-Placas-Publico-Abril-2023.pdf\" target=\"_blank\" rel=\"noopener\"> Listado de Placas de Veh\u00edculos P\u00fablicos Abril 2023<\/a><\/li>\n<li><a href=\"https:\/\/www.movilidadmachala.gob.ec\/web\/wp-content\/uploads\/2023\/05\/Lista-de-Placas-Particulares-Abril-2023.pdf\" target=\"_blank\" rel=\"noopener\">Listado de Placas de Veh\u00edculos Particulares Abril 2023<\/a><\/li>\n<li><a href=\"https:\/\/www.movilidadmachala.gob.ec\/web\/wp-content\/uploads\/2023\/09\/Listado-de-Placas-Motos-Duplicados-Septiembre-2023.pdf\" target=\"_blank\" rel=\"noopener\">Listado de Placas de Motos (Duplicados) Septiembre 2023<\/a><\/li>\n<li><a href=\"https:\/\/www.movilidadmachala.gob.ec\/web\/wp-content\/uploads\/2023\/09\/Lista-de-Placas-Particulares-Duplicados-Cambio-de-Servicio-de-Vehiculo-Septiembre-2023.pdf\" target=\"_blank\" rel=\"noopener\">Listado de Placas de Veh\u00edculos Particulares (Duplicados &#8211; Cambio de Servicio de Vehi\u0301culo) Septiembre 2023<\/a><\/li>\n<li><a href=\"https:\/\/www.movilidadmachala.gob.ec\/web\/wp-content\/uploads\/2023\/09\/Lista-de-Placas-Publico-Duplicados-Cambio-de-Servicio-de-Vehiculo-Septiembre-2023.pdf\" target=\"_blank\" rel=\"noopener\">Listado de Placas de Veh\u00edculos P\u00fablicos (Duplicados &#8211; Cambio de Servicio de Vehi\u0301culo) Septiembre 2023<\/a><\/li>\n<\/ul>\n<h4>PLACAS 2024<\/h4>\n<ul>\n<li><a href=\"https:\/\/www.movilidadmachala.gob.ec\/web\/wp-content\/uploads\/2024\/02\/Listado-de-Placas-Vehiculos-Publicos-Duplicados-Febrero-2024.pdf\" target=\"_blank\" rel=\"noopener\">Listado de Placas de Veh\u00edculos P\u00fablicos (Duplicados) Febrero 2024<\/a><\/li>\n<li><a href=\"https:\/\/www.movilidadmachala.gob.ec\/web\/wp-content\/uploads\/2024\/02\/Listado-de-Placas-Vehiculos-Particulares-Duplicados-Febrero-2024.pdf\" target=\"_blank\" rel=\"noopener\">Listado de Placas de Veh\u00edculos Particulares (Duplicados) Febrero 2024<\/a><\/li>\n<li><a href=\"https:\/\/www.movilidadmachala.gob.ec\/web\/wp-content\/uploads\/2024\/02\/Listado-de-Placas-de-Motos-Duplicados-Febrero-2024.pdf\" target=\"_blank\" rel=\"noopener\">Listado de Placas de Motos (Duplicados) Febrero 2024<\/a><\/li>\n<li><a href=\"https:\/\/www.movilidadmachala.gob.ec\/web\/wp-content\/uploads\/2024\/08\/Listado-de-Placas-de-Vehiculo-Publico-Duplicados-Agosto-2024.pdf\" target=\"_blank\" rel=\"noopener\">Listado de Placas de Veh\u00edculos P\u00fablicos (Duplicados) Agosto 2024<\/a><\/li>\n<li><a href=\"https:\/\/www.movilidadmachala.gob.ec\/web\/wp-content\/uploads\/2024\/08\/Listado-de-Placas-de-Vehiculos-Particulares-Duplicados-Agosto-2024.pdf\" target=\"_blank\" rel=\"noopener\">Listado de Placas de Veh\u00edculos Particulares (Duplicados) Agosto 2024<\/a><\/li>\n<li><a href=\"https:\/\/www.movilidadmachala.gob.ec\/web\/wp-content\/uploads\/2024\/08\/Listado-de-Placas-de-Motos-Duplicados-Agosto-2024.pdf\" target=\"_blank\" rel=\"noopener\">Listado de Placas de Motos (Duplicados) Agosto 2024<\/a><\/li>\n<\/ul>\n<h4>LISTA DE VEH\u00cdCULOS SUSCEPTIBLES DEL PROCESO DE CHATARRIZACI\u00d3N<\/h4>\n<ul>\n<li><a href=\"https:\/\/www.movilidadmachala.gob.ec\/web\/wp-content\/uploads\/2026\/01\/LISTA-vehiculos-chatarrizacion.pdf\" target=\"_blank\" rel=\"noopener\">Listado de placas de veh\u00edculos<\/a><\/li>\n<\/ul>\n","protected":false},"excerpt":{"rendered":"<p>[vc_row][vc_column][vc_empty_space height=\u00bb30px\u00bb hide_on_mobile=\u00bb\u00bb][\/vc_column][\/vc_row][vc_row][vc_column width=\u00bb1\/5&#8243;][\/vc_column][vc_column width=\u00bb1\/5&#8243;][\/vc_column][vc_column width=\u00bb1\/5&#8243;][\/vc_column][vc_column width=\u00bb1\/5&#8243;][\/vc_column][vc_column width=\u00bb1\/5&#8243;][\/vc_column][vc_column][vc_empty_space height=\u00bb52px\u00bb hide_on_mobile=\u00bb\u00bb][\/vc_column][\/vc_row][vc_row][vc_column][vc_column_text][\/vc_column_text][\/vc_column][\/vc_row][vc_row][\/vc_row][vc_column][\/vc_column][vc_wp_text][\/vc_wp_text][vc_row][vc_column][vc_column_text] TR\u00c1MITES Y FOMULARIOS TR\u00c1MITES REVISI\u00d3N T\u00c9CNICA VEHICULAR Y MATRICULACI\u00d3N ACTUALIZACI\u00d3N DE DATOS DE PERSONAS NATURALES Y JUR\u00cdDICAS EMISI\u00d3N DE MATR\u00cdCULA POR PRIMERA VEZ DUPLICADO DE MATR\u00cdCULA DUPLICADO DE ADHESIVO DE&hellip;<\/p>\n","protected":false},"author":1,"featured_media":0,"parent":0,"menu_order":0,"comment_status":"closed","ping_status":"closed","template":"","meta":{"footnotes":""},"class_list":["post-1027","page","type-page","status-publish","hentry"],"_links":{"self":[{"href":"https:\/\/www.movilidadmachala.gob.ec\/web\/wp-json\/wp\/v2\/pages\/1027","targetHints":{"allow":["GET"]}}],"collection":[{"href":"https:\/\/www.movilidadmachala.gob.ec\/web\/wp-json\/wp\/v2\/pages"}],"about":[{"href":"https:\/\/www.movilidadmachala.gob.ec\/web\/wp-json\/wp\/v2\/types\/page"}],"author":[{"embeddable":true,"href":"https:\/\/www.movilidadmachala.gob.ec\/web\/wp-json\/wp\/v2\/users\/1"}],"replies":[{"embeddable":true,"href":"https:\/\/www.movilidadmachala.gob.ec\/web\/wp-json\/wp\/v2\/comments?post=1027"}],"version-history":[{"count":81,"href":"https:\/\/www.movilidadmachala.gob.ec\/web\/wp-json\/wp\/v2\/pages\/1027\/revisions"}],"predecessor-version":[{"id":6297,"href":"https:\/\/www.movilidadmachala.gob.ec\/web\/wp-json\/wp\/v2\/pages\/1027\/revisions\/6297"}],"wp:attachment":[{"href":"https:\/\/www.movilidadmachala.gob.ec\/web\/wp-json\/wp\/v2\/media?parent=1027"}],"curies":[{"name":"wp","href":"https:\/\/api.w.org\/{rel}","templated":true}]}}