{"id":1097,"date":"2021-09-15T17:01:44","date_gmt":"2021-09-15T22:01:44","guid":{"rendered":"https:\/\/www.movilidadmachala.gob.ec\/web\/?page_id=1097"},"modified":"2022-01-17T15:09:58","modified_gmt":"2022-01-17T20:09:58","slug":"duplicado-de-matricula","status":"publish","type":"page","link":"https:\/\/www.movilidadmachala.gob.ec\/web\/duplicado-de-matricula\/","title":{"rendered":"DUPLICADO DE MATR\u00cdCULA"},"content":{"rendered":"<p>[vc_row][vc_column][vc_empty_space height=\u00bb30px\u00bb hide_on_mobile=\u00bb\u00bb][\/vc_column][\/vc_row][vc_row][vc_column width=\u00bb1\/5&#8243;][\/vc_column][vc_column width=\u00bb1\/5&#8243;][\/vc_column][vc_column width=\u00bb1\/5&#8243;][\/vc_column][vc_column width=\u00bb1\/5&#8243;][\/vc_column][vc_column width=\u00bb1\/5&#8243;][\/vc_column][vc_column][vc_empty_space height=\u00bb52px\u00bb hide_on_mobile=\u00bb\u00bb][\/vc_column][\/vc_row][vc_row][vc_column][vc_column_text]<\/p>\n<p>[\/vc_column_text][\/vc_column][\/vc_row][vc_row][\/vc_row][vc_column][\/vc_column][vc_wp_text][\/vc_wp_text]<\/p>\n<div class=\"innerShortcode\">\n<div class=\"innerContent\">\n<div>\n<h3><strong>DUPLICADO DE MATR\u00cdCULA<\/strong><\/h3>\n<div id=\"texto\">\n<p>Es el proceso por medio del cual un veh\u00edculo que consta en el Registro Nacional de Veh\u00edculos de la ANT y que previamente ha sido Matriculado puede obtener una copia original de la Matr\u00edcula del Veh\u00edculo.<\/p>\n<p>Este proceso considera los siguientes escenarios:<\/p>\n<ol>\n<li>Duplicado por Matr\u00edcula de Veh\u00edculo deteriorada.<\/li>\n<li>Duplicado por p\u00e9rdida o robo de Matr\u00edcula de Veh\u00edculo.<\/li>\n<\/ol>\n<p><strong>Requisitos<\/strong>.- Para realizar este tr\u00e1mite se deber\u00e1 entregar los siguientes documentos:<\/p>\n<p>POR P\u00c9RDIDA<\/p>\n<ul>\n<li>Denuncia por p\u00e9rdida de matricula<\/li>\n<li>Certificado \u00danico Vehicular<\/li>\n<li>C\u00e9dula de ciudadan\u00eda original<\/li>\n<li>Certificado de votaci\u00f3n original<\/li>\n<li>Correo electr\u00f3nico, direcci\u00f3n y tel\u00e9fono<\/li>\n<li>Comprobante de pago de movilidad original<\/li>\n<\/ul>\n<p>POR DETERIORO<\/p>\n<ul>\n<li>Original de la \u00faltima matricula vehicular vigente<\/li>\n<li>C\u00e9dula de ciudadan\u00eda original<\/li>\n<li>Certificado de votaci\u00f3n original<\/li>\n<li>Correo electr\u00f3nico, direcci\u00f3n y tel\u00e9fono<\/li>\n<li>Comprobante de pago de movilidad original<\/li>\n<\/ul>\n<p>EN CASO DE VEH\u00cdCULOS P\u00daBLICOS, ADJUNTAR ADEM\u00c1S:<\/p>\n<ul>\n<li>Permiso de operaciones o resoluci\u00f3n<\/li>\n<\/ul>\n<p>EN CASO DE TRATARSE DE UNA EMPRESA, SE DEBE ADJUNTAR:<\/p>\n<ul>\n<li>RUC de la empresa<\/li>\n<li>Copia de c\u00e9dula del representante legal<\/li>\n<li>Copia de certificado de votaci\u00f3n del representante legal<\/li>\n<li>Nombramiento del representante legal<\/li>\n<li>Autorizaci\u00f3n del representante legal para que realice el tr\u00e1mite cuando sea tercera persona<\/li>\n<li>Original y copia de C\u00e9dula y certificado de votaci\u00f3n del autorizado<\/li>\n<\/ul>\n<p>EN CASO DE FIDEICOMISO, ADJUNTAR:<\/p>\n<ul>\n<li>Copia del contrato de fideicomiso o factura de compra<\/li>\n<\/ul>\n<p>Nota: Para todos estos casos, de ser una tercera persona se requiere poder especial o general. El autorizado deber\u00e1 presentar c\u00e9dula y certificado de votaci\u00f3n original<\/p>\n<p>&nbsp;<\/p>\n<\/div>\n<\/div>\n<\/div>\n<\/div>\n","protected":false},"excerpt":{"rendered":"<p>[vc_row][vc_column][vc_empty_space height=\u00bb30px\u00bb hide_on_mobile=\u00bb\u00bb][\/vc_column][\/vc_row][vc_row][vc_column width=\u00bb1\/5&#8243;][\/vc_column][vc_column width=\u00bb1\/5&#8243;][\/vc_column][vc_column width=\u00bb1\/5&#8243;][\/vc_column][vc_column width=\u00bb1\/5&#8243;][\/vc_column][vc_column width=\u00bb1\/5&#8243;][\/vc_column][vc_column][vc_empty_space height=\u00bb52px\u00bb hide_on_mobile=\u00bb\u00bb][\/vc_column][\/vc_row][vc_row][vc_column][vc_column_text] [\/vc_column_text][\/vc_column][\/vc_row][vc_row][\/vc_row][vc_column][\/vc_column][vc_wp_text][\/vc_wp_text] DUPLICADO DE MATR\u00cdCULA Es el proceso por medio del cual un veh\u00edculo que consta en el Registro Nacional de Veh\u00edculos de la ANT y que previamente ha sido Matriculado&hellip;<\/p>\n","protected":false},"author":1,"featured_media":0,"parent":0,"menu_order":0,"comment_status":"closed","ping_status":"closed","template":"","meta":{"footnotes":""},"class_list":["post-1097","page","type-page","status-publish","hentry"],"_links":{"self":[{"href":"https:\/\/www.movilidadmachala.gob.ec\/web\/wp-json\/wp\/v2\/pages\/1097","targetHints":{"allow":["GET"]}}],"collection":[{"href":"https:\/\/www.movilidadmachala.gob.ec\/web\/wp-json\/wp\/v2\/pages"}],"about":[{"href":"https:\/\/www.movilidadmachala.gob.ec\/web\/wp-json\/wp\/v2\/types\/page"}],"author":[{"embeddable":true,"href":"https:\/\/www.movilidadmachala.gob.ec\/web\/wp-json\/wp\/v2\/users\/1"}],"replies":[{"embeddable":true,"href":"https:\/\/www.movilidadmachala.gob.ec\/web\/wp-json\/wp\/v2\/comments?post=1097"}],"version-history":[{"count":4,"href":"https:\/\/www.movilidadmachala.gob.ec\/web\/wp-json\/wp\/v2\/pages\/1097\/revisions"}],"predecessor-version":[{"id":1102,"href":"https:\/\/www.movilidadmachala.gob.ec\/web\/wp-json\/wp\/v2\/pages\/1097\/revisions\/1102"}],"wp:attachment":[{"href":"https:\/\/www.movilidadmachala.gob.ec\/web\/wp-json\/wp\/v2\/media?parent=1097"}],"curies":[{"name":"wp","href":"https:\/\/api.w.org\/{rel}","templated":true}]}}