{"id":1107,"date":"2021-09-16T09:13:36","date_gmt":"2021-09-16T14:13:36","guid":{"rendered":"https:\/\/www.movilidadmachala.gob.ec\/web\/?page_id=1107"},"modified":"2022-01-17T15:11:32","modified_gmt":"2022-01-17T20:11:32","slug":"duplicado-de-adhesivo-de-revision-tecnica-vehicular","status":"publish","type":"page","link":"https:\/\/www.movilidadmachala.gob.ec\/web\/duplicado-de-adhesivo-de-revision-tecnica-vehicular\/","title":{"rendered":"DUPLICADO DE ADHESIVO DE REVISI\u00d3N T\u00c9CNICA VEHICULAR"},"content":{"rendered":"<p>[vc_row][vc_column][vc_empty_space height=\u00bb30px\u00bb hide_on_mobile=\u00bb\u00bb][\/vc_column][\/vc_row][vc_row][vc_column width=\u00bb1\/5&#8243;][\/vc_column][vc_column width=\u00bb1\/5&#8243;][\/vc_column][vc_column width=\u00bb1\/5&#8243;][\/vc_column][vc_column width=\u00bb1\/5&#8243;][\/vc_column][vc_column width=\u00bb1\/5&#8243;][\/vc_column][vc_column][vc_empty_space height=\u00bb52px\u00bb hide_on_mobile=\u00bb\u00bb][\/vc_column][\/vc_row][vc_row][vc_column][vc_column_text]<\/p>\n<p>[\/vc_column_text][\/vc_column][\/vc_row][vc_row][\/vc_row][vc_column][\/vc_column][vc_wp_text][\/vc_wp_text]<\/p>\n<div class=\"innerShortcode\">\n<div class=\"innerContent\">\n<div>\n<h3><strong>DUPLICADO DE ADHESIVO DE REVISI\u00d3N T\u00c9CNICA VEHICULAR<\/strong><\/h3>\n<div id=\"texto\">\n<p style=\"text-align: justify;\">Es el proceso por medio del cual un veh\u00edculo que consta en el Registro Nacional de Veh\u00edculos de la ANT y previamente ha sido Matriculado y ha recibido un Adhesivo de Revisi\u00f3n T\u00e9cnica Vehicular, puede obtener una copia original del Adhesivo de Revisi\u00f3n T\u00e9cnica Vehicular.<\/p>\n<p style=\"text-align: justify;\">Este proceso considera los siguientes escenarios:<\/p>\n<ol style=\"text-align: justify;\">\n<li>Duplicado por Adhesivo de Revisi\u00f3n T\u00e9cnica Vehicular deteriorado.<\/li>\n<li>Duplicado por p\u00e9rdida o robo de Adhesivo de Revisi\u00f3n T\u00e9cnica Vehicular.<\/li>\n<\/ol>\n<p style=\"text-align: justify;\"><strong>Requisitos<\/strong>.-<\/p>\n<p style=\"text-align: justify;\">POR P\u00c9RDIDA<\/p>\n<ul style=\"text-align: justify;\">\n<li>Denuncia<\/li>\n<li>C\u00e9dula de ciudadan\u00eda original<\/li>\n<li>Certificado de votaci\u00f3n original<\/li>\n<li>Matr\u00edcula original vigente<\/li>\n<li>Comprobante de pago de movilidad original<\/li>\n<li>Correo electr\u00f3nico, direcci\u00f3n y tel\u00e9fono<\/li>\n<\/ul>\n<p style=\"text-align: justify;\">POR DETERIORO<\/p>\n<ul style=\"text-align: justify;\">\n<li>Tener vigente la \u00faltima revisi\u00f3n vehicular y presentar el adhesivo deteriorado<\/li>\n<li>C\u00e9dula de ciudadan\u00eda original<\/li>\n<li>Certificado de votaci\u00f3n original<\/li>\n<li>Matr\u00edcula original vigente<\/li>\n<li>Comprobante de pago de movilidad original<\/li>\n<li>Correo electr\u00f3nico, direcci\u00f3n y tel\u00e9fono<\/li>\n<\/ul>\n<p style=\"text-align: justify;\">EN CASO DE VEH\u00cdCULOS P\u00daBLICOS, ADJUNTAR ADEM\u00c1S:<\/p>\n<ul style=\"text-align: justify;\">\n<li>Permiso de operaciones o resoluci\u00f3n<\/li>\n<\/ul>\n<p style=\"text-align: justify;\">EN CASO DE TRATARSE DE UNA EMPRESA, SE DEBE ADJUNTAR:<\/p>\n<ul style=\"text-align: justify;\">\n<li>RUC de la empresa<\/li>\n<li>Copia de c\u00e9dula del representante legal<\/li>\n<li>Copia de certificado de votaci\u00f3n del representante legal<\/li>\n<li>Nombramiento del representante legal<\/li>\n<li>Autorizaci\u00f3n del representante legal para que realice el tr\u00e1mite cuando sea tercera persona<\/li>\n<li>Original y copia de C\u00e9dula y certificado de votaci\u00f3n del autorizado<\/li>\n<\/ul>\n<p style=\"text-align: justify;\">EN CASO DE FIDEICOMISO, ADJUNTAR:<\/p>\n<ul style=\"text-align: justify;\">\n<li>Copia del contrato de fideicomiso o factura<\/li>\n<\/ul>\n<p style=\"text-align: justify;\">Nota: Para todos estos casos de ser una tercera persona se requiere poder especial o general. El autorizado deber\u00e1 presentar c\u00e9dula y certificado de votaci\u00f3n original.<\/p>\n<p>&nbsp;<\/p>\n<\/div>\n<\/div>\n<\/div>\n<\/div>\n","protected":false},"excerpt":{"rendered":"<p>[vc_row][vc_column][vc_empty_space height=\u00bb30px\u00bb hide_on_mobile=\u00bb\u00bb][\/vc_column][\/vc_row][vc_row][vc_column width=\u00bb1\/5&#8243;][\/vc_column][vc_column width=\u00bb1\/5&#8243;][\/vc_column][vc_column width=\u00bb1\/5&#8243;][\/vc_column][vc_column width=\u00bb1\/5&#8243;][\/vc_column][vc_column width=\u00bb1\/5&#8243;][\/vc_column][vc_column][vc_empty_space height=\u00bb52px\u00bb hide_on_mobile=\u00bb\u00bb][\/vc_column][\/vc_row][vc_row][vc_column][vc_column_text] [\/vc_column_text][\/vc_column][\/vc_row][vc_row][\/vc_row][vc_column][\/vc_column][vc_wp_text][\/vc_wp_text] DUPLICADO DE ADHESIVO DE REVISI\u00d3N T\u00c9CNICA VEHICULAR Es el proceso por medio del cual un veh\u00edculo que consta en el Registro Nacional de Veh\u00edculos de la ANT y previamente&hellip;<\/p>\n","protected":false},"author":1,"featured_media":0,"parent":0,"menu_order":0,"comment_status":"closed","ping_status":"closed","template":"","meta":{"footnotes":""},"class_list":["post-1107","page","type-page","status-publish","hentry"],"_links":{"self":[{"href":"https:\/\/www.movilidadmachala.gob.ec\/web\/wp-json\/wp\/v2\/pages\/1107","targetHints":{"allow":["GET"]}}],"collection":[{"href":"https:\/\/www.movilidadmachala.gob.ec\/web\/wp-json\/wp\/v2\/pages"}],"about":[{"href":"https:\/\/www.movilidadmachala.gob.ec\/web\/wp-json\/wp\/v2\/types\/page"}],"author":[{"embeddable":true,"href":"https:\/\/www.movilidadmachala.gob.ec\/web\/wp-json\/wp\/v2\/users\/1"}],"replies":[{"embeddable":true,"href":"https:\/\/www.movilidadmachala.gob.ec\/web\/wp-json\/wp\/v2\/comments?post=1107"}],"version-history":[{"count":4,"href":"https:\/\/www.movilidadmachala.gob.ec\/web\/wp-json\/wp\/v2\/pages\/1107\/revisions"}],"predecessor-version":[{"id":1112,"href":"https:\/\/www.movilidadmachala.gob.ec\/web\/wp-json\/wp\/v2\/pages\/1107\/revisions\/1112"}],"wp:attachment":[{"href":"https:\/\/www.movilidadmachala.gob.ec\/web\/wp-json\/wp\/v2\/media?parent=1107"}],"curies":[{"name":"wp","href":"https:\/\/api.w.org\/{rel}","templated":true}]}}