{"id":1114,"date":"2021-09-16T09:20:48","date_gmt":"2021-09-16T14:20:48","guid":{"rendered":"https:\/\/www.movilidadmachala.gob.ec\/web\/?page_id=1114"},"modified":"2022-01-17T15:12:49","modified_gmt":"2022-01-17T20:12:49","slug":"transferencia-de-dominio","status":"publish","type":"page","link":"https:\/\/www.movilidadmachala.gob.ec\/web\/transferencia-de-dominio\/","title":{"rendered":"TRANSFERENCIA DE DOMINIO"},"content":{"rendered":"<p>[vc_row][vc_column][vc_empty_space height=\u00bb30px\u00bb hide_on_mobile=\u00bb\u00bb][\/vc_column][\/vc_row][vc_row][vc_column width=\u00bb1\/5&#8243;][\/vc_column][vc_column width=\u00bb1\/5&#8243;][\/vc_column][vc_column width=\u00bb1\/5&#8243;][\/vc_column][vc_column width=\u00bb1\/5&#8243;][\/vc_column][vc_column width=\u00bb1\/5&#8243;][\/vc_column][vc_column][vc_empty_space height=\u00bb52px\u00bb hide_on_mobile=\u00bb\u00bb][\/vc_column][\/vc_row][vc_row][vc_column][vc_column_text]<\/p>\n<p>[\/vc_column_text][\/vc_column][\/vc_row][vc_row][\/vc_row][vc_column][\/vc_column][vc_wp_text][\/vc_wp_text]<\/p>\n<div class=\"innerShortcode\">\n<div class=\"innerContent\">\n<div>\n<h3><strong>TRANSFERENCIA DE DOMINIO<\/strong><\/h3>\n<div id=\"texto\">\n<p style=\"text-align: justify;\"><strong>Alcance<\/strong>.- Es el proceso por medio del cual se registra el cambio de un propietario de un veh\u00edculo matriculado y que consta en el Registro Nacional de Veh\u00edculos de la ANT.<\/p>\n<p style=\"text-align: justify;\">Este proceso considera los siguientes escenarios:<\/p>\n<ol style=\"text-align: justify;\">\n<li>Remates;<\/li>\n<li>Rifas y sorteos;<\/li>\n<li>Ingreso o terminaci\u00f3n de fideicomisos;<\/li>\n<li>Determinaciones judiciales;<\/li>\n<li>Daci\u00f3n de pago;<\/li>\n<li>Transferencia de bienes entre instituciones p\u00fablicas;<\/li>\n<li>Donaciones o herencias;<\/li>\n<li>Subrogaci\u00f3n de obligaciones y derechos;<\/li>\n<li>Fusi\u00f3n, absorci\u00f3n o escisi\u00f3n;<\/li>\n<li>Sociedad conyugal o disoluci\u00f3n;<\/li>\n<li>Desistimiento o anulaci\u00f3n de contratos;<\/li>\n<li>Aportes de capital; y,<\/li>\n<li>Ejecuci\u00f3n de p\u00f3liza de seguros por p\u00e9rdida total.<\/li>\n<\/ol>\n<p style=\"text-align: justify;\">O cualquier otro tipo de transferencia de dominio vehicular establecida en la legislaci\u00f3n vigente.<\/p>\n<p style=\"text-align: justify;\">Este proceso tiene variaciones en los requisitos seg\u00fan la condici\u00f3n del propietario original y final, donde se deben considerar los siguientes casos o escenarios adicionales:<\/p>\n<ul style=\"text-align: justify;\">\n<li>Personas jur\u00eddicas activas.<\/li>\n<li>Personas jur\u00eddicas en liquidaci\u00f3n.<\/li>\n<li>Personas naturales vivas o fallecidas.<\/li>\n<li>Condici\u00f3n de la persona:<\/li>\n<li>Adulto, menor de edad o menor de edad emancipado.<\/li>\n<li>Estado civil.<\/li>\n<\/ul>\n<p style=\"text-align: justify;\"><strong>Requisitos<\/strong>.- Para realizar este tr\u00e1mite se deber\u00e1 presentar los siguientes documentos:<\/p>\n<p style=\"text-align: justify;\">PARTICULARES, ADJUNTAR<\/p>\n<ul style=\"text-align: justify;\">\n<li>C\u00e9dula de ciudadan\u00eda original<\/li>\n<li>Certificado de votaci\u00f3n original<\/li>\n<li>Matr\u00edcula original vigente o denuncia m\u00e1s certificado \u00fanico vehicular en caso de perdida<\/li>\n<li>Correo electr\u00f3nico, direcci\u00f3n y tel\u00e9fono<\/li>\n<li>Contrato original de compra venta debidamente notariado<\/li>\n<li>Comprobante de pago de la transferencia de dominio \u2013 SRI original<\/li>\n<li>Comprobante de pago de movilidad original<\/li>\n<\/ul>\n<p style=\"text-align: justify;\">EN CASO DE VEH\u00cdCULOS P\u00daBLICOS O COMERCIAL, ADJUNTAR:<\/p>\n<ul style=\"text-align: justify;\">\n<li>Permiso de operaciones y resoluci\u00f3n cambio de socio<\/li>\n<li>Oficio de socio activo en el que conste los datos del veh\u00edculo dirigido a la\u00a0<u>EMPRESA P\u00daBLICA MUNICIPAL DE MOVILIDAD DE MACHALA.<\/u><\/li>\n<li>Copia de licencia de conducir profesional seg\u00fan categor\u00eda a la que aplica<\/li>\n<li>Contrato de trabajo y aviso de entrada al IESS en caso que se requiera de chofer.<\/li>\n<li>En caso que el veh\u00edculo a transferirse provenga de otra operadora deber\u00e1 presentar oficio que dej\u00f3 de pertenecer a la operadora y resoluci\u00f3n de deshabilitaci\u00f3n<\/li>\n<\/ul>\n<p style=\"text-align: justify;\">EN CASO DE TRATARSE DE UNA EMPRESA, SE DEBE ADJUNTAR:<\/p>\n<ul style=\"text-align: justify;\">\n<li>RUC de la empresa<\/li>\n<li>Copia de c\u00e9dula del representante legal<\/li>\n<li>Copia de certificado de votaci\u00f3n de representante legal<\/li>\n<li>Nombramiento del representante legal<\/li>\n<li>Autorizaci\u00f3n del representante legal para que realice el tr\u00e1mite.<\/li>\n<li>C\u00e9dula del autorizado original y copia<\/li>\n<li>Certificado de votaci\u00f3n original y copia<\/li>\n<\/ul>\n<p style=\"text-align: justify;\">EN CASO DE PERSONAS NATURALES EN CONDICI\u00d3N DE VIUDO O VIUDA, ADJUNTAR:<\/p>\n<ul style=\"text-align: justify;\">\n<li>Posesi\u00f3n efectiva inscrita en el registro de la propiedad o mercantil.<\/li>\n<li>Cesi\u00f3n de derecho<\/li>\n<li>Documento emitido por el SRI del Historial de propietarios del veh\u00edculo<\/li>\n<\/ul>\n<p style=\"text-align: justify;\">Nota: Para todos estos casos\u00a0 de ser una tercera persona se requiere poder especial o general<\/p>\n<p style=\"text-align: justify;\">El autorizado deber\u00e1 presentar c\u00e9dula y certificado de votaci\u00f3n original<\/p>\n<p style=\"text-align: justify;\">En caso de tener m\u00e1s de un contrato de compra-venta no registrado Base de Datos \u00danica de la ANT solicitar el documento emitido por el SRI del Historial de propietarios del veh\u00edculo<\/p>\n<p style=\"text-align: justify;\"><strong>DEBER\u00c1N ACERCARSE A LA EMPRESA DE MOVILIDAD A SOLICITAR INFORMACI\u00d3N EN LOS SIGUIENTES CASOS:<\/strong><\/p>\n<ul>\n<li style=\"text-align: justify;\">En caso de herencia<\/li>\n<li style=\"text-align: justify;\">En caso de veh\u00edculos diplom\u00e1ticos, consulares u organismos internacionales<\/li>\n<li style=\"text-align: justify;\">En caso de remate<\/li>\n<li style=\"text-align: justify;\">En caso de donaci\u00f3n<\/li>\n<li style=\"text-align: justify;\">En caso de personas naturales en estado civil casado o casado con separaci\u00f3n de bienes<\/li>\n<li style=\"text-align: justify;\">En caso de personas naturales en estado civil divorciado<\/li>\n<li style=\"text-align: justify;\">En caso de rifas y sorteos<\/li>\n<\/ul>\n<p>&nbsp;<\/p>\n<\/div>\n<\/div>\n<\/div>\n<\/div>\n","protected":false},"excerpt":{"rendered":"<p>[vc_row][vc_column][vc_empty_space height=\u00bb30px\u00bb hide_on_mobile=\u00bb\u00bb][\/vc_column][\/vc_row][vc_row][vc_column width=\u00bb1\/5&#8243;][\/vc_column][vc_column width=\u00bb1\/5&#8243;][\/vc_column][vc_column width=\u00bb1\/5&#8243;][\/vc_column][vc_column width=\u00bb1\/5&#8243;][\/vc_column][vc_column width=\u00bb1\/5&#8243;][\/vc_column][vc_column][vc_empty_space height=\u00bb52px\u00bb hide_on_mobile=\u00bb\u00bb][\/vc_column][\/vc_row][vc_row][vc_column][vc_column_text] [\/vc_column_text][\/vc_column][\/vc_row][vc_row][\/vc_row][vc_column][\/vc_column][vc_wp_text][\/vc_wp_text] TRANSFERENCIA DE DOMINIO Alcance.- Es el proceso por medio del cual se registra el cambio de un propietario de un veh\u00edculo matriculado y que consta en el Registro Nacional&hellip;<\/p>\n","protected":false},"author":1,"featured_media":0,"parent":0,"menu_order":0,"comment_status":"closed","ping_status":"closed","template":"","meta":{"footnotes":""},"class_list":["post-1114","page","type-page","status-publish","hentry"],"_links":{"self":[{"href":"https:\/\/www.movilidadmachala.gob.ec\/web\/wp-json\/wp\/v2\/pages\/1114","targetHints":{"allow":["GET"]}}],"collection":[{"href":"https:\/\/www.movilidadmachala.gob.ec\/web\/wp-json\/wp\/v2\/pages"}],"about":[{"href":"https:\/\/www.movilidadmachala.gob.ec\/web\/wp-json\/wp\/v2\/types\/page"}],"author":[{"embeddable":true,"href":"https:\/\/www.movilidadmachala.gob.ec\/web\/wp-json\/wp\/v2\/users\/1"}],"replies":[{"embeddable":true,"href":"https:\/\/www.movilidadmachala.gob.ec\/web\/wp-json\/wp\/v2\/comments?post=1114"}],"version-history":[{"count":2,"href":"https:\/\/www.movilidadmachala.gob.ec\/web\/wp-json\/wp\/v2\/pages\/1114\/revisions"}],"predecessor-version":[{"id":1117,"href":"https:\/\/www.movilidadmachala.gob.ec\/web\/wp-json\/wp\/v2\/pages\/1114\/revisions\/1117"}],"wp:attachment":[{"href":"https:\/\/www.movilidadmachala.gob.ec\/web\/wp-json\/wp\/v2\/media?parent=1114"}],"curies":[{"name":"wp","href":"https:\/\/api.w.org\/{rel}","templated":true}]}}