{"id":1119,"date":"2021-09-16T09:28:44","date_gmt":"2021-09-16T14:28:44","guid":{"rendered":"https:\/\/www.movilidadmachala.gob.ec\/web\/?page_id=1119"},"modified":"2022-01-17T15:13:51","modified_gmt":"2022-01-17T20:13:51","slug":"cambio-de-caracteristicas","status":"publish","type":"page","link":"https:\/\/www.movilidadmachala.gob.ec\/web\/cambio-de-caracteristicas\/","title":{"rendered":"CAMBIO DE CARACTER\u00cdSTICAS"},"content":{"rendered":"<p>[vc_row][vc_column][vc_empty_space height=\u00bb30px\u00bb hide_on_mobile=\u00bb\u00bb][\/vc_column][\/vc_row][vc_row][vc_column width=\u00bb1\/5&#8243;][\/vc_column][vc_column width=\u00bb1\/5&#8243;][\/vc_column][vc_column width=\u00bb1\/5&#8243;][\/vc_column][vc_column width=\u00bb1\/5&#8243;][\/vc_column][vc_column width=\u00bb1\/5&#8243;][\/vc_column][vc_column][vc_empty_space height=\u00bb52px\u00bb hide_on_mobile=\u00bb\u00bb][\/vc_column][\/vc_row][vc_row][vc_column][vc_column_text]<\/p>\n<p>[\/vc_column_text][\/vc_column][\/vc_row][vc_row][\/vc_row][vc_column][\/vc_column][vc_wp_text][\/vc_wp_text]<\/p>\n<h3><strong>CAMBIO DE CARACTER\u00cdSTICAS<\/strong><\/h3>\n<div id=\"texto\">\n<p style=\"text-align: justify;\">Es el proceso por medio del cual los cambios de caracter\u00edsticas que un veh\u00edculo tenga y que difieren con la informaci\u00f3n impresa en la Matr\u00edcula vigente del Veh\u00edculo son actualizados en el Registro Nacional de Veh\u00edculos y generar\u00e1 una nueva matr\u00edcula con la informaci\u00f3n actualizada.<\/p>\n<p style=\"text-align: justify;\">Este proceso considera los siguientes escenarios seg\u00fan las caracter\u00edsticas del veh\u00edculo a actualizar:<\/p>\n<ol style=\"text-align: justify;\">\n<li>Cambio de Tipo de Veh\u00edculo.<\/li>\n<li>Cambio de Clase de Veh\u00edculo.<\/li>\n<li>Cambio de N\u00famero de Pasajeros.<\/li>\n<li>Cambio de Tonelaje y Tipo de Peso.<\/li>\n<li>Cambio de Combustible.<\/li>\n<li>Cambio de Carrocer\u00eda.<\/li>\n<li>Cambio de N\u00famero de Ejes.<\/li>\n<li>Cambio de Cilindraje.<\/li>\n<li>Cambio de Color.<\/li>\n<li>Cambio de N\u00famero de Motor.<\/li>\n<\/ol>\n<p style=\"text-align: justify;\"><strong>Requisitos<\/strong>.- Para realizar este tr\u00e1mite se deber\u00e1 presentar los siguientes documentos:<\/p>\n<ul style=\"text-align: justify;\">\n<li>C\u00e9dula de ciudadan\u00eda original y copia<\/li>\n<li>Certificado de votaci\u00f3n original y copia<\/li>\n<li>Correo electr\u00f3nico, direcci\u00f3n y tel\u00e9fono<\/li>\n<li>Matr\u00edcula original vigente o denuncia m\u00e1s certificado \u00fanico vehicular en caso de perdida<\/li>\n<li>Comprobante de pago de movilidad original<\/li>\n<li>Se solicitar\u00e1 los respectivos documentos de soportes que acrediten las modificaciones seg\u00fan sean los casos<\/li>\n<\/ul>\n<p style=\"text-align: justify;\"><strong>EN CASO DE CAMBIO DE MOTOR, ADJUNTAR:\u00a0\u00a0\u00a0\u00a0\u00a0\u00a0\u00a0\u00a0\u00a0\u00a0\u00a0\u00a0\u00a0\u00a0\u00a0\u00a0\u00a0\u00a0\u00a0\u00a0\u00a0\u00a0\u00a0\u00a0\u00a0\u00a0\u00a0\u00a0\u00a0\u00a0\u00a0\u00a0\u00a0\u00a0\u00a0\u00a0\u00a0\u00a0\u00a0\u00a0\u00a0\u00a0\u00a0\u00a0\u00a0\u00a0\u00a0\u00a0\u00a0\u00a0<\/strong><\/p>\n<ul style=\"text-align: justify;\">\n<li>El motor de reemplazo debe cumplir con la normativa t\u00e9cnica INEN vigente<\/li>\n<li>Documento de autorizaci\u00f3n por parte del Representante Legal de la Marca que determine la factibilidad del cambio de motor<\/li>\n<li>Factura original o documentos de la importaci\u00f3n (motor nuevo)<\/li>\n<li>Original del contrato de compra venta debidamente legalizado, que deber\u00e1 contener los datos del veh\u00edculo que entrega el motor (motor usado)<\/li>\n<\/ul>\n<p style=\"text-align: justify;\"><strong>EN CASO DE PERTENECER A UNA COMPA\u00d1\u00cdA, ADJUNTAR:\u00a0\u00a0\u00a0\u00a0\u00a0\u00a0\u00a0\u00a0\u00a0\u00a0\u00a0\u00a0\u00a0\u00a0\u00a0\u00a0\u00a0\u00a0\u00a0\u00a0\u00a0\u00a0\u00a0\u00a0\u00a0\u00a0\u00a0\u00a0\u00a0\u00a0\u00a0\u00a0\u00a0\u00a0\u00a0\u00a0\u00a0\u00a0\u00a0\u00a0\u00a0\u00a0\u00a0\u00a0\u00a0\u00a0\u00a0\u00a0\u00a0\u00a0<\/strong><\/p>\n<ul style=\"text-align: justify;\">\n<li>RUC de la empresa<\/li>\n<li>Nombramiento e inscripci\u00f3n del Registro Mercantil del representante legal<\/li>\n<li>Copia de c\u00e9dula y certificado de votaci\u00f3n del representante legal<\/li>\n<li>Autorizaci\u00f3n del representante legal para que realice el tr\u00e1mite.<\/li>\n<li>C\u00e9dula del autorizado original y copia<\/li>\n<li>Certificado de votaci\u00f3n original y copia<\/li>\n<\/ul>\n<p style=\"text-align: justify;\">Nota: Para este caso si es una tercera persona se requiere poder especial o general<\/p>\n<p style=\"text-align: justify;\">Para el caso de que el tr\u00e1mite sea realizado por una tercera persona se requiere Carta\u00a0 Notariada para que el tr\u00e1mite sea realizado por una tercera persona Natural u Orden de Juez competente. Deber\u00e1 haber realizado previamente una Actualizaci\u00f3n de Datos de Persona Natural quien realice el tr\u00e1mite.<\/p>\n<p style=\"text-align: justify;\">Para el caso de veh\u00edculos de Uso P\u00daBLICO o COMERCIAL y mientras no se pueda realizar una Validaci\u00f3n a trav\u00e9s del Sistema Inform\u00e1tico de la ANT, se deber\u00e1 entregar copia de la resoluci\u00f3n del Permiso o Contrato de Operaci\u00f3n, Cambio de Socio, Cambio de Veh\u00edculo o Habilitaci\u00f3n de Veh\u00edculo, la cual deber\u00e1 estar vigente e incluir al veh\u00edculo y al socio como propietario del mismo.<\/p>\n<p style=\"text-align: justify;\">Para el caso de cambio de motor deber\u00e1 entregar la factura original de compra venta del nuevo motor.<\/p>\n<p style=\"text-align: justify;\">Para el caso de cambio de motor\u00a0 por un motor usado deber\u00e1 entregar el original de la \u00faltima matr\u00edcula del veh\u00edculo donante.<\/p>\n<p>&nbsp;<\/p>\n<\/div>\n","protected":false},"excerpt":{"rendered":"<p>[vc_row][vc_column][vc_empty_space height=\u00bb30px\u00bb hide_on_mobile=\u00bb\u00bb][\/vc_column][\/vc_row][vc_row][vc_column width=\u00bb1\/5&#8243;][\/vc_column][vc_column width=\u00bb1\/5&#8243;][\/vc_column][vc_column width=\u00bb1\/5&#8243;][\/vc_column][vc_column width=\u00bb1\/5&#8243;][\/vc_column][vc_column width=\u00bb1\/5&#8243;][\/vc_column][vc_column][vc_empty_space height=\u00bb52px\u00bb hide_on_mobile=\u00bb\u00bb][\/vc_column][\/vc_row][vc_row][vc_column][vc_column_text] [\/vc_column_text][\/vc_column][\/vc_row][vc_row][\/vc_row][vc_column][\/vc_column][vc_wp_text][\/vc_wp_text] CAMBIO DE CARACTER\u00cdSTICAS Es el proceso por medio del cual los cambios de caracter\u00edsticas que un veh\u00edculo tenga y que difieren con la informaci\u00f3n impresa en la Matr\u00edcula vigente&hellip;<\/p>\n","protected":false},"author":1,"featured_media":0,"parent":0,"menu_order":0,"comment_status":"closed","ping_status":"closed","template":"","meta":{"footnotes":""},"class_list":["post-1119","page","type-page","status-publish","hentry"],"_links":{"self":[{"href":"https:\/\/www.movilidadmachala.gob.ec\/web\/wp-json\/wp\/v2\/pages\/1119","targetHints":{"allow":["GET"]}}],"collection":[{"href":"https:\/\/www.movilidadmachala.gob.ec\/web\/wp-json\/wp\/v2\/pages"}],"about":[{"href":"https:\/\/www.movilidadmachala.gob.ec\/web\/wp-json\/wp\/v2\/types\/page"}],"author":[{"embeddable":true,"href":"https:\/\/www.movilidadmachala.gob.ec\/web\/wp-json\/wp\/v2\/users\/1"}],"replies":[{"embeddable":true,"href":"https:\/\/www.movilidadmachala.gob.ec\/web\/wp-json\/wp\/v2\/comments?post=1119"}],"version-history":[{"count":1,"href":"https:\/\/www.movilidadmachala.gob.ec\/web\/wp-json\/wp\/v2\/pages\/1119\/revisions"}],"predecessor-version":[{"id":1120,"href":"https:\/\/www.movilidadmachala.gob.ec\/web\/wp-json\/wp\/v2\/pages\/1119\/revisions\/1120"}],"wp:attachment":[{"href":"https:\/\/www.movilidadmachala.gob.ec\/web\/wp-json\/wp\/v2\/media?parent=1119"}],"curies":[{"name":"wp","href":"https:\/\/api.w.org\/{rel}","templated":true}]}}