{"id":1122,"date":"2021-09-16T09:36:06","date_gmt":"2021-09-16T14:36:06","guid":{"rendered":"https:\/\/www.movilidadmachala.gob.ec\/web\/?page_id=1122"},"modified":"2022-01-17T15:14:48","modified_gmt":"2022-01-17T20:14:48","slug":"cambio-de-servicio","status":"publish","type":"page","link":"https:\/\/www.movilidadmachala.gob.ec\/web\/cambio-de-servicio\/","title":{"rendered":"CAMBIO DE SERVICIO"},"content":{"rendered":"<p>[vc_row][vc_column][vc_empty_space height=\u00bb30px\u00bb hide_on_mobile=\u00bb\u00bb][\/vc_column][\/vc_row][vc_row][vc_column width=\u00bb1\/5&#8243;][\/vc_column][vc_column width=\u00bb1\/5&#8243;][\/vc_column][vc_column width=\u00bb1\/5&#8243;][\/vc_column][vc_column width=\u00bb1\/5&#8243;][\/vc_column][vc_column width=\u00bb1\/5&#8243;][\/vc_column][vc_column][vc_empty_space height=\u00bb52px\u00bb hide_on_mobile=\u00bb\u00bb][\/vc_column][\/vc_row][vc_row][vc_column][vc_column_text]<\/p>\n<p>[\/vc_column_text][\/vc_column][\/vc_row][vc_row][\/vc_row][vc_column][\/vc_column][vc_wp_text][\/vc_wp_text]<\/p>\n<div class=\"innerShortcode\">\n<div class=\"innerContent\">\n<div>\n<h3><strong>CAMBIO DE SERVICIO<\/strong><\/h3>\n<div id=\"texto\">\n<p style=\"text-align: justify;\">Es el proceso por medio del cual un veh\u00edculo realiza un cambio de servicio o uso en el Registro Nacional de Veh\u00edculos. Los posibles valores de USO o SERVICIO son los siguientes:<\/p>\n<ul style=\"text-align: justify;\">\n<li>Uso de organismos internacionales:\n<ul>\n<li>Organismos Internacionales.<\/li>\n<li>Asistencia T\u00e9cnica.<\/li>\n<li>Cuerpo Diplom\u00e1tico.<\/li>\n<li>Cuerpo Consular.<\/li>\n<\/ul>\n<\/li>\n<li>Uso Estatal (Gobierno Central).<\/li>\n<li>Uso para Gobiernos Aut\u00f3nomos Descentralizados y Mancomunidades.<\/li>\n<li>Uso para Internaci\u00f3n Temporal.<\/li>\n<li>Uso Particular<\/li>\n<li>Uso P\u00fablico<\/li>\n<li>Uso Agr\u00edcola o Caminero<\/li>\n<\/ul>\n<p style=\"text-align: justify;\">Todo cambio de servicio implica que el usuario entregar\u00e1 las placas originales y recibir\u00e1 placas nuevas. La numeraci\u00f3n de las placas se mantendr\u00e1 cuando cambia de Particular a P\u00fablico o de P\u00fablico a Particular, para cualquier otro cambio de servicio la numeraci\u00f3n de las placas nuevas ser\u00e1 diferente.<\/p>\n<p style=\"text-align: justify;\">Este proceso considera los siguientes escenarios de posibles cambios de servicio:<\/p>\n<ol style=\"text-align: justify;\">\n<li>De Particular a P\u00fablico\/Comercial.<\/li>\n<li>De P\u00fablico\/Comercial a Particular.<\/li>\n<li>De Particular a Estatal.<\/li>\n<li>De Particular a Diplom\u00e1tico.<\/li>\n<li>De Diplom\u00e1tico a Particular.<\/li>\n<\/ol>\n<p style=\"text-align: justify;\">CAMBIO DE SERVICIO PARTICULAR\u00a0 \u2013 P\u00daBLICO (COMPA\u00d1\u00cdA)<\/p>\n<p style=\"text-align: justify;\"><strong>Requisitos<\/strong>.- Para realizar este tr\u00e1mite se deber\u00e1 presentar los siguientes documentos:<\/p>\n<ul style=\"text-align: justify;\">\n<li>C\u00e9dula de ciudadan\u00eda original y copia<\/li>\n<li>Certificado de votaci\u00f3n original y copia<\/li>\n<li>Correo electr\u00f3nico, direcci\u00f3n y tel\u00e9fono<\/li>\n<li>Matr\u00edcula original vigente<\/li>\n<li>Resoluci\u00f3n emitida por el SRI donde detalla el cambio de servicio<\/li>\n<li>Oficio de socio activo en el que conste los datos del veh\u00edculo dirigido a la\u00a0<u>EMPRESA P\u00daBLICA MUNICIPAL DE MOVILIDAD DE MACHALA.<\/u><\/li>\n<li>Permiso de operaciones<\/li>\n<li>Resoluci\u00f3n cambio de unidad y\/o incremento de cupo<\/li>\n<li>RUC del socio<\/li>\n<li>RUC de la compa\u00f1\u00eda<\/li>\n<li>Nombramiento del representante legal de la compa\u00f1\u00eda<\/li>\n<li>Inscripci\u00f3n de registro mercantil del representante legal<\/li>\n<li>Copia de c\u00e9dula de ciudadan\u00eda y certificado de votaci\u00f3n del representante legal<\/li>\n<li>Listado de socios de la Superintendencia de Compa\u00f1\u00edas.<\/li>\n<li>Placas originales, en caso de p\u00e9rdida la denuncia ante la autoridad competente<\/li>\n<li>Comprobante de pago por placas $23,00<\/li>\n<li>Comprobante de pago de movilidad original<\/li>\n<li>Copia de licencia de conducir profesional seg\u00fan categor\u00eda a la que aplica<\/li>\n<li>Contrato de trabajo y aviso de entrada al IESS en caso que se requiera de chofer.<\/li>\n<\/ul>\n<p style=\"text-align: justify;\">Nota: Para este caso si es una tercera persona se requiere poder especial o general<\/p>\n<p style=\"text-align: justify;\">El autorizado deber\u00e1 presentar c\u00e9dula y certificado de votaci\u00f3n original<\/p>\n<p style=\"text-align: justify;\"><strong><u>CAMBIO DE SERVICIO PARTICULAR \u2013 P\u00daBLICO (COOPERATIVA)<\/u><\/strong><\/p>\n<p style=\"text-align: justify;\"><strong>Requisitos<\/strong>.- Para realizar este tr\u00e1mite se deber\u00e1 presentar los siguientes documentos:<\/p>\n<ul style=\"text-align: justify;\">\n<li>C\u00e9dula de ciudadan\u00eda original y copia<\/li>\n<li>Certificado de votaci\u00f3n original y copia<\/li>\n<li>Correo electr\u00f3nico, direcci\u00f3n y tel\u00e9fono<\/li>\n<li>Matr\u00edcula original vigente<\/li>\n<li>Resoluci\u00f3n emitida por el SRI donde detalla el cambio de servicio<\/li>\n<li>Oficio de socio activo en el que conste los datos del veh\u00edculo dirigido a la\u00a0<u>EMPRESA P\u00daBLICA MUNICIPAL DE MOVILIDAD DE MACHALA.<\/u><\/li>\n<li>Permiso de operaciones<\/li>\n<li>Resoluci\u00f3n cambio de unidad y\/o incremento de cupo<\/li>\n<li>RUC del socio<\/li>\n<li>RUC de la cooperativa<\/li>\n<li>Copia de c\u00e9dula de ciudadan\u00eda y certificado de votaci\u00f3n del representante legal<\/li>\n<li>Placas originales, en caso de p\u00e9rdida la denuncia ante la autoridad competente<\/li>\n<li>Comprobante de pago por placas $23.00<\/li>\n<li>Comprobante de pago de movilidad original<\/li>\n<li>Copia de licencia de conducir profesional seg\u00fan categor\u00eda a la que aplica<\/li>\n<li>Contrato de trabajo y aviso de entrada al IESS en caso que se requiera de chofer.<\/li>\n<\/ul>\n<p style=\"text-align: justify;\">Nota: Para este caso si es una tercera persona se requiere poder especial o general<\/p>\n<p style=\"text-align: justify;\">El autorizado deber\u00e1 presentar c\u00e9dula y certificado de votaci\u00f3n original<\/p>\n<p style=\"text-align: justify;\"><strong><u>CAMBIO DE SERVICIO P\u00daBLICO \u2013 PARTICULAR<\/u><\/strong><\/p>\n<p style=\"text-align: justify;\"><strong>Requisitos<\/strong>.- Para realizar este tr\u00e1mite se deber\u00e1 presentar los siguientes documentos:<\/p>\n<ul style=\"text-align: justify;\">\n<li>C\u00e9dula de ciudadan\u00eda original y copia<\/li>\n<li>Certificado de votaci\u00f3n original y copia<\/li>\n<li>Correo electr\u00f3nico, direcci\u00f3n y tel\u00e9fono<\/li>\n<li>Matr\u00edcula vehicular original<\/li>\n<li>Resoluci\u00f3n emitida por el SRI donde detalla el cambio de servicio<\/li>\n<li>Oficio de la cooperativa o compa\u00f1\u00eda, indicando que dej\u00f3 de pertenecer a la misma<\/li>\n<li>Resoluci\u00f3n de deshabilitaci\u00f3n del veh\u00edculo<\/li>\n<li>Placas originales, en caso de p\u00e9rdida la denuncia ante la autoridad competente<\/li>\n<li>Comprobante de pago de movilidad original<\/li>\n<li>Comprobante de pago por placas $23.00<\/li>\n<\/ul>\n<p style=\"text-align: justify;\">Nota: Para este caso si es una tercera persona se requiere poder especial o general<\/p>\n<p style=\"text-align: justify;\">El autorizado deber\u00e1 presentar c\u00e9dula y certificado de votaci\u00f3n original<\/p>\n<p style=\"text-align: justify;\"><strong>DEBER\u00c1N ACERCARSE A LA EMPRESA DE MOVILIDAD A SOLICITAR INFORMACI\u00d3N EN LOS SIGUIENTES CASOS:<\/strong><\/p>\n<ul>\n<li style=\"text-align: justify;\">De uso estatal u oficia l- particular<\/li>\n<li style=\"text-align: justify;\">Diplom\u00e1tico u organismos internacionales \u2013 \u00a0particular<\/li>\n<li style=\"text-align: justify;\">Particular \u2013 uso estatal u oficial<\/li>\n<li style=\"text-align: justify;\">Particular \u2013 diplom\u00e1tico u organismos internacionales<\/li>\n<\/ul>\n<p>&nbsp;<\/p>\n<\/div>\n<\/div>\n<\/div>\n<\/div>\n","protected":false},"excerpt":{"rendered":"<p>[vc_row][vc_column][vc_empty_space height=\u00bb30px\u00bb hide_on_mobile=\u00bb\u00bb][\/vc_column][\/vc_row][vc_row][vc_column width=\u00bb1\/5&#8243;][\/vc_column][vc_column width=\u00bb1\/5&#8243;][\/vc_column][vc_column width=\u00bb1\/5&#8243;][\/vc_column][vc_column width=\u00bb1\/5&#8243;][\/vc_column][vc_column width=\u00bb1\/5&#8243;][\/vc_column][vc_column][vc_empty_space height=\u00bb52px\u00bb hide_on_mobile=\u00bb\u00bb][\/vc_column][\/vc_row][vc_row][vc_column][vc_column_text] [\/vc_column_text][\/vc_column][\/vc_row][vc_row][\/vc_row][vc_column][\/vc_column][vc_wp_text][\/vc_wp_text] CAMBIO DE SERVICIO Es el proceso por medio del cual un veh\u00edculo realiza un cambio de servicio o uso en el Registro Nacional de Veh\u00edculos. Los posibles valores de&hellip;<\/p>\n","protected":false},"author":1,"featured_media":0,"parent":0,"menu_order":0,"comment_status":"closed","ping_status":"closed","template":"","meta":{"footnotes":""},"class_list":["post-1122","page","type-page","status-publish","hentry"],"_links":{"self":[{"href":"https:\/\/www.movilidadmachala.gob.ec\/web\/wp-json\/wp\/v2\/pages\/1122","targetHints":{"allow":["GET"]}}],"collection":[{"href":"https:\/\/www.movilidadmachala.gob.ec\/web\/wp-json\/wp\/v2\/pages"}],"about":[{"href":"https:\/\/www.movilidadmachala.gob.ec\/web\/wp-json\/wp\/v2\/types\/page"}],"author":[{"embeddable":true,"href":"https:\/\/www.movilidadmachala.gob.ec\/web\/wp-json\/wp\/v2\/users\/1"}],"replies":[{"embeddable":true,"href":"https:\/\/www.movilidadmachala.gob.ec\/web\/wp-json\/wp\/v2\/comments?post=1122"}],"version-history":[{"count":1,"href":"https:\/\/www.movilidadmachala.gob.ec\/web\/wp-json\/wp\/v2\/pages\/1122\/revisions"}],"predecessor-version":[{"id":1123,"href":"https:\/\/www.movilidadmachala.gob.ec\/web\/wp-json\/wp\/v2\/pages\/1122\/revisions\/1123"}],"wp:attachment":[{"href":"https:\/\/www.movilidadmachala.gob.ec\/web\/wp-json\/wp\/v2\/media?parent=1122"}],"curies":[{"name":"wp","href":"https:\/\/api.w.org\/{rel}","templated":true}]}}