{"id":1126,"date":"2021-09-16T09:54:10","date_gmt":"2021-09-16T14:54:10","guid":{"rendered":"https:\/\/www.movilidadmachala.gob.ec\/web\/?page_id=1126"},"modified":"2022-01-17T15:16:04","modified_gmt":"2022-01-17T20:16:04","slug":"verificacion-y-o-rectificacion-de-numero-de-identificacion-del-vehiculo-numero-de-chasis-y-numero-de-motor","status":"publish","type":"page","link":"https:\/\/www.movilidadmachala.gob.ec\/web\/verificacion-y-o-rectificacion-de-numero-de-identificacion-del-vehiculo-numero-de-chasis-y-numero-de-motor\/","title":{"rendered":"VERIFICACI\u00d3N Y\/O RECTIFICACI\u00d3N DE N\u00daMERO DE IDENTIFICACI\u00d3N DEL VEH\u00cdCULO (N\u00daMERO DE CHASIS) Y N\u00daMERO DE MOTOR"},"content":{"rendered":"<p>[vc_row][vc_column][vc_empty_space height=\u00bb30px\u00bb hide_on_mobile=\u00bb\u00bb][\/vc_column][\/vc_row][vc_row][vc_column width=\u00bb1\/5&#8243;][\/vc_column][vc_column width=\u00bb1\/5&#8243;][\/vc_column][vc_column width=\u00bb1\/5&#8243;][\/vc_column][vc_column width=\u00bb1\/5&#8243;][\/vc_column][vc_column width=\u00bb1\/5&#8243;][\/vc_column][vc_column][vc_empty_space height=\u00bb52px\u00bb hide_on_mobile=\u00bb\u00bb][\/vc_column][\/vc_row][vc_row][vc_column][vc_column_text]<\/p>\n<p>[\/vc_column_text][\/vc_column][\/vc_row][vc_row][\/vc_row][vc_column][\/vc_column][vc_wp_text][\/vc_wp_text]<\/p>\n<div class=\"innerShortcode\">\n<div class=\"innerContent\">\n<div>\n<h3><strong>VERIFICACI\u00d3N Y\/O RECTIFICACI\u00d3N DE N\u00daMERO DE IDENTIFICACI\u00d3N DEL VEH\u00cdCULO (N\u00daMERO DE CHASIS) Y N\u00daMERO DE MOTOR<\/strong><\/h3>\n<div id=\"texto\">\n<p style=\"text-align: justify;\">Es el proceso por medio del cual un Veh\u00edculo pasa por un proceso de Revisi\u00f3n T\u00e9cnica Vehicular para constatar cual es el n\u00famero de Identificaci\u00f3n Vehicular (VIN o Chasis) que tiene y\/o cual es la serie del n\u00famero del Motor.<\/p>\n<p style=\"text-align: justify;\">Este proceso considera los siguientes escenarios:<\/p>\n<ol style=\"text-align: justify;\">\n<li>Verificaci\u00f3n de N\u00famero de Identificaci\u00f3n Vehicular (N\u00famero de Chasis).<\/li>\n<\/ol>\n<ol style=\"text-align: justify;\" start=\"2\">\n<li>Verificaci\u00f3n de N\u00famero de serie del Motor.<\/li>\n<\/ol>\n<ol style=\"text-align: justify;\" start=\"3\">\n<li>Verificaci\u00f3n de N\u00famero de Identificaci\u00f3n Vehicular (N\u00famero de Chasis) y N\u00famero de Serie del Motor.<\/li>\n<\/ol>\n<p style=\"text-align: justify;\"><strong>Requisitos.-\u00a0<\/strong>Para realizar este tr\u00e1mite se deber\u00e1 presentar los siguientes documentos:<\/p>\n<ul style=\"text-align: justify;\">\n<li>C\u00e9dula de ciudadan\u00eda original y copia<\/li>\n<li>Certificado de votaci\u00f3n original y copia<\/li>\n<li>Matr\u00edcula vehicular original y copia<\/li>\n<li>Correo electr\u00f3nico, direcci\u00f3n y tel\u00e9fono<\/li>\n<li>Comprobante de pago de movilidad original<\/li>\n<\/ul>\n<p style=\"text-align: justify;\">EN CASO DE VEH\u00cdCULOS CON REMARCACI\u00d3N, ADJUNTAR:<\/p>\n<ul style=\"text-align: justify;\">\n<li>Presentar el informe de verificaci\u00f3n de series de identificaci\u00f3n vehicular (motor y chasis) emitido por la Unidad de Criminal\u00edstica de la Polic\u00eda Judicial o la entidad designada oficialmente.<\/li>\n<\/ul>\n<p style=\"text-align: justify;\">Nota: Para este caso si es una tercera persona se requiere poder especial o general<\/p>\n<p>&nbsp;<\/p>\n<\/div>\n<\/div>\n<\/div>\n<\/div>\n","protected":false},"excerpt":{"rendered":"<p>[vc_row][vc_column][vc_empty_space height=\u00bb30px\u00bb hide_on_mobile=\u00bb\u00bb][\/vc_column][\/vc_row][vc_row][vc_column width=\u00bb1\/5&#8243;][\/vc_column][vc_column width=\u00bb1\/5&#8243;][\/vc_column][vc_column width=\u00bb1\/5&#8243;][\/vc_column][vc_column width=\u00bb1\/5&#8243;][\/vc_column][vc_column width=\u00bb1\/5&#8243;][\/vc_column][vc_column][vc_empty_space height=\u00bb52px\u00bb hide_on_mobile=\u00bb\u00bb][\/vc_column][\/vc_row][vc_row][vc_column][vc_column_text] [\/vc_column_text][\/vc_column][\/vc_row][vc_row][\/vc_row][vc_column][\/vc_column][vc_wp_text][\/vc_wp_text] VERIFICACI\u00d3N Y\/O RECTIFICACI\u00d3N DE N\u00daMERO DE IDENTIFICACI\u00d3N DEL VEH\u00cdCULO (N\u00daMERO DE CHASIS) Y N\u00daMERO DE MOTOR Es el proceso por medio del cual un Veh\u00edculo pasa por un proceso&hellip;<\/p>\n","protected":false},"author":1,"featured_media":0,"parent":0,"menu_order":0,"comment_status":"closed","ping_status":"closed","template":"","meta":{"footnotes":""},"class_list":["post-1126","page","type-page","status-publish","hentry"],"_links":{"self":[{"href":"https:\/\/www.movilidadmachala.gob.ec\/web\/wp-json\/wp\/v2\/pages\/1126","targetHints":{"allow":["GET"]}}],"collection":[{"href":"https:\/\/www.movilidadmachala.gob.ec\/web\/wp-json\/wp\/v2\/pages"}],"about":[{"href":"https:\/\/www.movilidadmachala.gob.ec\/web\/wp-json\/wp\/v2\/types\/page"}],"author":[{"embeddable":true,"href":"https:\/\/www.movilidadmachala.gob.ec\/web\/wp-json\/wp\/v2\/users\/1"}],"replies":[{"embeddable":true,"href":"https:\/\/www.movilidadmachala.gob.ec\/web\/wp-json\/wp\/v2\/comments?post=1126"}],"version-history":[{"count":1,"href":"https:\/\/www.movilidadmachala.gob.ec\/web\/wp-json\/wp\/v2\/pages\/1126\/revisions"}],"predecessor-version":[{"id":1127,"href":"https:\/\/www.movilidadmachala.gob.ec\/web\/wp-json\/wp\/v2\/pages\/1126\/revisions\/1127"}],"wp:attachment":[{"href":"https:\/\/www.movilidadmachala.gob.ec\/web\/wp-json\/wp\/v2\/media?parent=1126"}],"curies":[{"name":"wp","href":"https:\/\/api.w.org\/{rel}","templated":true}]}}