{"id":1129,"date":"2021-09-16T09:57:59","date_gmt":"2021-09-16T14:57:59","guid":{"rendered":"https:\/\/www.movilidadmachala.gob.ec\/web\/?page_id=1129"},"modified":"2022-01-17T15:18:19","modified_gmt":"2022-01-17T20:18:19","slug":"bloqueo-de-vehiculo","status":"publish","type":"page","link":"https:\/\/www.movilidadmachala.gob.ec\/web\/bloqueo-de-vehiculo\/","title":{"rendered":"BLOQUEO DE VEH\u00cdCULO"},"content":{"rendered":"<p>[vc_row][vc_column][vc_empty_space height=\u00bb30px\u00bb hide_on_mobile=\u00bb\u00bb][\/vc_column][\/vc_row][vc_row][vc_column width=\u00bb1\/5&#8243;][\/vc_column][vc_column width=\u00bb1\/5&#8243;][\/vc_column][vc_column width=\u00bb1\/5&#8243;][\/vc_column][vc_column width=\u00bb1\/5&#8243;][\/vc_column][vc_column width=\u00bb1\/5&#8243;][\/vc_column][vc_column][vc_empty_space height=\u00bb52px\u00bb hide_on_mobile=\u00bb\u00bb][\/vc_column][\/vc_row][vc_row][vc_column][vc_column_text]<\/p>\n<p>[\/vc_column_text][\/vc_column][\/vc_row][vc_row][\/vc_row][vc_column][\/vc_column][vc_wp_text][\/vc_wp_text]<\/p>\n<div class=\"innerShortcode\">\n<div class=\"innerContent\">\n<div>\n<h3><strong>BLOQUEO DE VEH\u00cdCULO<\/strong><\/h3>\n<div id=\"texto\">\n<p style=\"text-align: justify;\">Es el proceso por medio del cual se establece un bloqueo a un veh\u00edculo para que el mismo no pueda realizar uno o m\u00e1s procesos de matriculaci\u00f3n vehicular.<\/p>\n<p style=\"text-align: justify;\"><strong>Requisitos<\/strong>.- Para realizar este tr\u00e1mite se deber\u00e1 presentar los siguientes documentos:<\/p>\n<ul style=\"text-align: justify;\">\n<li>C\u00e9dula de ciudadan\u00eda original<\/li>\n<li>Certificado de votaci\u00f3n original<\/li>\n<li>Matr\u00edcula vehicular original<\/li>\n<li>Correo electr\u00f3nico, direcci\u00f3n y tel\u00e9fono<\/li>\n<li>Comprobante de pago de movilidad original<\/li>\n<\/ul>\n<p style=\"text-align: justify;\"><strong>EN CASO DE BLOQUEO POR TRANSFERENCIA DE DOMINIO, ADJUNTAR:<\/strong><\/p>\n<ul style=\"text-align: justify;\">\n<li>Original o copia certificada del contrato de compra venta notariado.<\/li>\n<\/ul>\n<p style=\"text-align: justify;\"><strong>EN CASO DE P\u00c9RDIDA TOTAL, ADJUNTAR:<\/strong><\/p>\n<ul style=\"text-align: justify;\">\n<li>Acta de Finiquito para ejecuci\u00f3n de P\u00f3liza de Seguro por p\u00e9rdida Total.<\/li>\n<\/ul>\n<p style=\"text-align: justify;\"><strong>EN CASO DE PROHIBICIONES POR MENAJE DE MIGRANTE, ADJUNTAR:<\/strong><\/p>\n<ul style=\"text-align: justify;\">\n<li>Documento de la SENAE con la autorizaci\u00f3n e indicando las caracter\u00edsticas del veh\u00edculo.<\/li>\n<\/ul>\n<p style=\"text-align: justify;\"><strong>EN CASO DE BLOQUEOS POR RESERVA DE DOMINIO, ADJUNTAR:<\/strong><\/p>\n<ul style=\"text-align: justify;\">\n<li>Contrato de compra venta por reserva de dominio debidamente inscrito en el Registro Mercantil.<\/li>\n<\/ul>\n<p style=\"text-align: justify;\"><strong>EN CASO DE BLOQUEOS POR ORDEN JUDICIAL, ADJUNTAR:<\/strong><\/p>\n<ul style=\"text-align: justify;\">\n<li>Documento de autoridad competente.<\/li>\n<\/ul>\n<p style=\"text-align: justify;\"><strong>Nota:<\/strong> Para este caso si es una tercera persona se requiere poder especial o general<\/p>\n<p>&nbsp;<\/p>\n<\/div>\n<\/div>\n<\/div>\n<\/div>\n","protected":false},"excerpt":{"rendered":"<p>[vc_row][vc_column][vc_empty_space height=\u00bb30px\u00bb hide_on_mobile=\u00bb\u00bb][\/vc_column][\/vc_row][vc_row][vc_column width=\u00bb1\/5&#8243;][\/vc_column][vc_column width=\u00bb1\/5&#8243;][\/vc_column][vc_column width=\u00bb1\/5&#8243;][\/vc_column][vc_column width=\u00bb1\/5&#8243;][\/vc_column][vc_column width=\u00bb1\/5&#8243;][\/vc_column][vc_column][vc_empty_space height=\u00bb52px\u00bb hide_on_mobile=\u00bb\u00bb][\/vc_column][\/vc_row][vc_row][vc_column][vc_column_text] [\/vc_column_text][\/vc_column][\/vc_row][vc_row][\/vc_row][vc_column][\/vc_column][vc_wp_text][\/vc_wp_text] BLOQUEO DE VEH\u00cdCULO Es el proceso por medio del cual se establece un bloqueo a un veh\u00edculo para que el mismo no pueda realizar uno o m\u00e1s procesos de&hellip;<\/p>\n","protected":false},"author":1,"featured_media":0,"parent":0,"menu_order":0,"comment_status":"closed","ping_status":"closed","template":"","meta":{"footnotes":""},"class_list":["post-1129","page","type-page","status-publish","hentry"],"_links":{"self":[{"href":"https:\/\/www.movilidadmachala.gob.ec\/web\/wp-json\/wp\/v2\/pages\/1129","targetHints":{"allow":["GET"]}}],"collection":[{"href":"https:\/\/www.movilidadmachala.gob.ec\/web\/wp-json\/wp\/v2\/pages"}],"about":[{"href":"https:\/\/www.movilidadmachala.gob.ec\/web\/wp-json\/wp\/v2\/types\/page"}],"author":[{"embeddable":true,"href":"https:\/\/www.movilidadmachala.gob.ec\/web\/wp-json\/wp\/v2\/users\/1"}],"replies":[{"embeddable":true,"href":"https:\/\/www.movilidadmachala.gob.ec\/web\/wp-json\/wp\/v2\/comments?post=1129"}],"version-history":[{"count":2,"href":"https:\/\/www.movilidadmachala.gob.ec\/web\/wp-json\/wp\/v2\/pages\/1129\/revisions"}],"predecessor-version":[{"id":1131,"href":"https:\/\/www.movilidadmachala.gob.ec\/web\/wp-json\/wp\/v2\/pages\/1129\/revisions\/1131"}],"wp:attachment":[{"href":"https:\/\/www.movilidadmachala.gob.ec\/web\/wp-json\/wp\/v2\/media?parent=1129"}],"curies":[{"name":"wp","href":"https:\/\/api.w.org\/{rel}","templated":true}]}}