{"id":1133,"date":"2021-09-16T10:06:32","date_gmt":"2021-09-16T15:06:32","guid":{"rendered":"https:\/\/www.movilidadmachala.gob.ec\/web\/?page_id=1133"},"modified":"2022-01-17T15:19:27","modified_gmt":"2022-01-17T20:19:27","slug":"baja-de-vehiculo","status":"publish","type":"page","link":"https:\/\/www.movilidadmachala.gob.ec\/web\/baja-de-vehiculo\/","title":{"rendered":"BAJA DE VEH\u00cdCULO"},"content":{"rendered":"<p>[vc_row][vc_column][vc_empty_space height=\u00bb30px\u00bb hide_on_mobile=\u00bb\u00bb][\/vc_column][\/vc_row][vc_row][vc_column width=\u00bb1\/5&#8243;][\/vc_column][vc_column width=\u00bb1\/5&#8243;][\/vc_column][vc_column width=\u00bb1\/5&#8243;][\/vc_column][vc_column width=\u00bb1\/5&#8243;][\/vc_column][vc_column width=\u00bb1\/5&#8243;][\/vc_column][vc_column][vc_empty_space height=\u00bb52px\u00bb hide_on_mobile=\u00bb\u00bb][\/vc_column][\/vc_row][vc_row][vc_column][vc_column_text]<\/p>\n<p>[\/vc_column_text][\/vc_column][\/vc_row][vc_row][\/vc_row][vc_column][\/vc_column][vc_wp_text][\/vc_wp_text]<\/p>\n<div class=\"innerShortcode\">\n<div class=\"innerContent\">\n<div>\n<h3><strong>BAJA DE VEH\u00cdCULO<\/strong><\/h3>\n<div id=\"texto\">\n<p style=\"text-align: justify;\">Es el proceso por medio del cual un veh\u00edculo existente en el Registro Nacional de veh\u00edculos de la ANT se lo inactiva de manera definitiva (Dar de Baja).<\/p>\n<p style=\"text-align: justify;\">En el caso de los veh\u00edculos que, por sus condiciones mec\u00e1nicas, est\u00e9n impedidos de seguir circulando en el futuro, han cumplido su vida \u00fatil o porque van a ser destinados a repuestos, fundici\u00f3n o chatarrizaci\u00f3n, sus propietarios tendr\u00e1n la obligaci\u00f3n de comunicar a la EPMMM, quien proceder\u00e1 a dar de baja al veh\u00edculo del sistema y comunicar\u00e1 al SRI sobre la baja del veh\u00edculo.<\/p>\n<p style=\"text-align: justify;\">Tambi\u00e9n ser\u00e1n dados de baja aquellos veh\u00edculos perdidos o robados cuando el Juez dicte el sobreseimiento definitivo.<\/p>\n<p style=\"text-align: justify;\">Un veh\u00edculo que se da de baja, implica que tambi\u00e9n su \u00faltima placa asignada se da de baja. Un veh\u00edculo dado de baja no podr\u00e1 reactivarse bajo ning\u00fan concepto.<\/p>\n<p style=\"text-align: justify;\"><strong>Requisitos<\/strong>.-<\/p>\n<ul style=\"text-align: justify;\">\n<li>C\u00e9dula de ciudadan\u00eda original y copia<\/li>\n<li>Certificado de votaci\u00f3n original y copia<\/li>\n<li>Matr\u00edcula original vigente o denuncia m\u00e1s certificado \u00fanico vehicular en caso de p\u00e9rdida<\/li>\n<li>Correo electr\u00f3nico, direcci\u00f3n y tel\u00e9fono<\/li>\n<li>Placas originales o denuncia por robo o p\u00e9rdida.<\/li>\n<li>Solicitud de baja de veh\u00edculo conforme el formato de solicitud establecido por la ANT.<\/li>\n<li>Todos los pagos del SRI deben encontrarse cancelados.<\/li>\n<li>Comprobante de pago de movilidad original del proceso.<\/li>\n<li>Comprobante de pago de movilidad original por concepto de rodaje.<\/li>\n<li>Certificado de chatarrizaci\u00f3n expedido por una empresa sider\u00fargica, legalmente reconocida y autorizada por la entidad competente, que indique, que el veh\u00edculo declarado fue entregado para su chatarrizaci\u00f3n y Declaraci\u00f3n Juramentada que deber\u00e1 contener:\n<ol>\n<li>Que soy propietario del veh\u00edculo(s) de las siguientes caracter\u00edsticas: (placa, n\u00famero de chasis, n\u00famero de motor, marca, color, a\u00f1o, modelo).<\/li>\n<li>Que el veh\u00edculo estuvo bajo mi posici\u00f3n hasta hace x a\u00f1os aproximadamente, cuando (DETALLAR EL MOTIVO O RAZ\u00d3N DE LA DESAPARICI\u00d3N O DESTRUCCION DEL VEHICULO), por lo cual desconozco su actual situaci\u00f3n.<\/li>\n<li>Asumo toda responsabilidad que se derive de los actos que realice la ANT como consecuencia de esta declaraci\u00f3n para la baja al citado veh\u00edculo, por lo que, la ANT no tiene responsabilidad alguna que se presente o produzca con relaci\u00f3n al veh\u00edculo descrito en la presente declaraci\u00f3n.<\/li>\n<li>Que conozco que el proceso de baja del veh\u00edculo constituye un proceso irreversible.<\/li>\n<li>Autorizo a la Agencia Nacional de Transito a fin de que verifique lo aqu\u00ed declarado y en caso de faltar a la verdad me someter\u00e9 a las acciones penales correspondientes.<\/li>\n<li>Me comprometo a cancelar todos los valores pendientes respecto al veh\u00edculo se\u00f1alado hasta que se concrete la baja mismo.<\/li>\n<li>Dem\u00e1s cl\u00e1usulas de validez que incluye el notario en la declaraci\u00f3n juramentada.<\/li>\n<\/ol>\n<\/li>\n<\/ul>\n<p style=\"text-align: justify;\"><strong>EN CASO DE BAJA DE VEHICULO ROBADO, ADJUNTAR:<\/strong><\/p>\n<ul style=\"text-align: justify;\">\n<li>Presentar la respectiva orden de la autoridad competente (Juez, Fiscal) que especifique la acci\u00f3n inherente al archivo de la causa.<\/li>\n<\/ul>\n<p style=\"text-align: justify;\"><strong>Nota:<\/strong> Este proceso es personal, para el caso de una tercera persona se requiere poder especial o general notariado.<\/p>\n<p>&nbsp;<\/p>\n<\/div>\n<\/div>\n<\/div>\n<\/div>\n","protected":false},"excerpt":{"rendered":"<p>[vc_row][vc_column][vc_empty_space height=\u00bb30px\u00bb hide_on_mobile=\u00bb\u00bb][\/vc_column][\/vc_row][vc_row][vc_column width=\u00bb1\/5&#8243;][\/vc_column][vc_column width=\u00bb1\/5&#8243;][\/vc_column][vc_column width=\u00bb1\/5&#8243;][\/vc_column][vc_column width=\u00bb1\/5&#8243;][\/vc_column][vc_column width=\u00bb1\/5&#8243;][\/vc_column][vc_column][vc_empty_space height=\u00bb52px\u00bb hide_on_mobile=\u00bb\u00bb][\/vc_column][\/vc_row][vc_row][vc_column][vc_column_text] [\/vc_column_text][\/vc_column][\/vc_row][vc_row][\/vc_row][vc_column][\/vc_column][vc_wp_text][\/vc_wp_text] BAJA DE VEH\u00cdCULO Es el proceso por medio del cual un veh\u00edculo existente en el Registro Nacional de veh\u00edculos de la ANT se lo inactiva de manera definitiva (Dar&hellip;<\/p>\n","protected":false},"author":1,"featured_media":0,"parent":0,"menu_order":0,"comment_status":"closed","ping_status":"closed","template":"","meta":{"footnotes":""},"class_list":["post-1133","page","type-page","status-publish","hentry"],"_links":{"self":[{"href":"https:\/\/www.movilidadmachala.gob.ec\/web\/wp-json\/wp\/v2\/pages\/1133","targetHints":{"allow":["GET"]}}],"collection":[{"href":"https:\/\/www.movilidadmachala.gob.ec\/web\/wp-json\/wp\/v2\/pages"}],"about":[{"href":"https:\/\/www.movilidadmachala.gob.ec\/web\/wp-json\/wp\/v2\/types\/page"}],"author":[{"embeddable":true,"href":"https:\/\/www.movilidadmachala.gob.ec\/web\/wp-json\/wp\/v2\/users\/1"}],"replies":[{"embeddable":true,"href":"https:\/\/www.movilidadmachala.gob.ec\/web\/wp-json\/wp\/v2\/comments?post=1133"}],"version-history":[{"count":1,"href":"https:\/\/www.movilidadmachala.gob.ec\/web\/wp-json\/wp\/v2\/pages\/1133\/revisions"}],"predecessor-version":[{"id":1134,"href":"https:\/\/www.movilidadmachala.gob.ec\/web\/wp-json\/wp\/v2\/pages\/1133\/revisions\/1134"}],"wp:attachment":[{"href":"https:\/\/www.movilidadmachala.gob.ec\/web\/wp-json\/wp\/v2\/media?parent=1133"}],"curies":[{"name":"wp","href":"https:\/\/api.w.org\/{rel}","templated":true}]}}