{"id":1148,"date":"2021-09-16T15:11:26","date_gmt":"2021-09-16T20:11:26","guid":{"rendered":"https:\/\/www.movilidadmachala.gob.ec\/web\/?page_id=1148"},"modified":"2022-01-17T15:20:55","modified_gmt":"2022-01-17T20:20:55","slug":"emision-de-certificado-vehicular","status":"publish","type":"page","link":"https:\/\/www.movilidadmachala.gob.ec\/web\/emision-de-certificado-vehicular\/","title":{"rendered":"EMISI\u00d3N DE CERTIFICADO VEHICULAR"},"content":{"rendered":"<p>[vc_row][vc_column][vc_empty_space height=\u00bb30px\u00bb hide_on_mobile=\u00bb\u00bb][\/vc_column][\/vc_row][vc_row][vc_column width=\u00bb1\/5&#8243;][\/vc_column][vc_column width=\u00bb1\/5&#8243;][\/vc_column][vc_column width=\u00bb1\/5&#8243;][\/vc_column][vc_column width=\u00bb1\/5&#8243;][\/vc_column][vc_column width=\u00bb1\/5&#8243;][\/vc_column][vc_column][vc_empty_space height=\u00bb52px\u00bb hide_on_mobile=\u00bb\u00bb][\/vc_column][\/vc_row][vc_row][vc_column][vc_column_text]<\/p>\n<p>[\/vc_column_text][\/vc_column][\/vc_row][vc_row][\/vc_row][vc_column][\/vc_column][vc_wp_text][\/vc_wp_text]<\/p>\n<div class=\"innerShortcode\">\n<div class=\"innerContent\">\n<div>\n<h3><strong>EMISI\u00d3N DE CERTIFICADO VEHICULAR<\/strong><\/h3>\n<div id=\"texto\">\n<p>Es el proceso por el cual se pueden obtener los certificados del Registro Nacional de tr\u00e1nsito de la ANT. Estos certificados pueden ser:<\/p>\n<ol>\n<li>Certificado \u00danico Vehicular.<\/li>\n<\/ol>\n<ol start=\"2\">\n<li>Certificado de Poseer Veh\u00edculo.<\/li>\n<\/ol>\n<ol start=\"3\">\n<li>Certificado de Historial de Infracciones del Veh\u00edculo.<\/li>\n<\/ol>\n<p><strong>Requisitos<\/strong>.- Para realizar este tr\u00e1mite se deber\u00e1 presentar los siguientes documentos:<\/p>\n<ul>\n<li>C\u00e9dula de ciudadan\u00eda original<\/li>\n<li>Certificado de votaci\u00f3n original<\/li>\n<li>Matr\u00edcula original vigente\u00a0<u>o denuncia<\/u><\/li>\n<li>Comprobante de pago de movilidad original<\/li>\n<\/ul>\n<p>En caso de no tener ninguna relaci\u00f3n con el propietario del veh\u00edculo se requerir\u00e1 de poder especial otorgado por la autoridad competente.<\/p>\n<p>&nbsp;<\/p>\n<\/div>\n<\/div>\n<\/div>\n<\/div>\n","protected":false},"excerpt":{"rendered":"<p>[vc_row][vc_column][vc_empty_space height=\u00bb30px\u00bb hide_on_mobile=\u00bb\u00bb][\/vc_column][\/vc_row][vc_row][vc_column width=\u00bb1\/5&#8243;][\/vc_column][vc_column width=\u00bb1\/5&#8243;][\/vc_column][vc_column width=\u00bb1\/5&#8243;][\/vc_column][vc_column width=\u00bb1\/5&#8243;][\/vc_column][vc_column width=\u00bb1\/5&#8243;][\/vc_column][vc_column][vc_empty_space height=\u00bb52px\u00bb hide_on_mobile=\u00bb\u00bb][\/vc_column][\/vc_row][vc_row][vc_column][vc_column_text] [\/vc_column_text][\/vc_column][\/vc_row][vc_row][\/vc_row][vc_column][\/vc_column][vc_wp_text][\/vc_wp_text] EMISI\u00d3N DE CERTIFICADO VEHICULAR Es el proceso por el cual se pueden obtener los certificados del Registro Nacional de tr\u00e1nsito de la ANT. Estos certificados pueden ser: Certificado \u00danico&hellip;<\/p>\n","protected":false},"author":1,"featured_media":0,"parent":0,"menu_order":0,"comment_status":"closed","ping_status":"closed","template":"","meta":{"footnotes":""},"class_list":["post-1148","page","type-page","status-publish","hentry"],"_links":{"self":[{"href":"https:\/\/www.movilidadmachala.gob.ec\/web\/wp-json\/wp\/v2\/pages\/1148","targetHints":{"allow":["GET"]}}],"collection":[{"href":"https:\/\/www.movilidadmachala.gob.ec\/web\/wp-json\/wp\/v2\/pages"}],"about":[{"href":"https:\/\/www.movilidadmachala.gob.ec\/web\/wp-json\/wp\/v2\/types\/page"}],"author":[{"embeddable":true,"href":"https:\/\/www.movilidadmachala.gob.ec\/web\/wp-json\/wp\/v2\/users\/1"}],"replies":[{"embeddable":true,"href":"https:\/\/www.movilidadmachala.gob.ec\/web\/wp-json\/wp\/v2\/comments?post=1148"}],"version-history":[{"count":1,"href":"https:\/\/www.movilidadmachala.gob.ec\/web\/wp-json\/wp\/v2\/pages\/1148\/revisions"}],"predecessor-version":[{"id":1149,"href":"https:\/\/www.movilidadmachala.gob.ec\/web\/wp-json\/wp\/v2\/pages\/1148\/revisions\/1149"}],"wp:attachment":[{"href":"https:\/\/www.movilidadmachala.gob.ec\/web\/wp-json\/wp\/v2\/media?parent=1148"}],"curies":[{"name":"wp","href":"https:\/\/api.w.org\/{rel}","templated":true}]}}