{"id":1151,"date":"2021-09-16T15:15:36","date_gmt":"2021-09-16T20:15:36","guid":{"rendered":"https:\/\/www.movilidadmachala.gob.ec\/web\/?page_id=1151"},"modified":"2022-01-17T15:22:06","modified_gmt":"2022-01-17T20:22:06","slug":"procedimiento-para-matricula-de-vehiculos-del-sector-publico","status":"publish","type":"page","link":"https:\/\/www.movilidadmachala.gob.ec\/web\/procedimiento-para-matricula-de-vehiculos-del-sector-publico\/","title":{"rendered":"PROCEDIMIENTO PARA MATRICULA DE VEH\u00cdCULOS DEL SECTOR P\u00daBLICO"},"content":{"rendered":"<p>[vc_row][vc_column][vc_empty_space height=\u00bb30px\u00bb hide_on_mobile=\u00bb\u00bb][\/vc_column][\/vc_row][vc_row][vc_column width=\u00bb1\/5&#8243;][\/vc_column][vc_column width=\u00bb1\/5&#8243;][\/vc_column][vc_column width=\u00bb1\/5&#8243;][\/vc_column][vc_column width=\u00bb1\/5&#8243;][\/vc_column][vc_column width=\u00bb1\/5&#8243;][\/vc_column][vc_column][vc_empty_space height=\u00bb52px\u00bb hide_on_mobile=\u00bb\u00bb][\/vc_column][\/vc_row][vc_row][vc_column][vc_column_text]<\/p>\n<p>[\/vc_column_text][\/vc_column][\/vc_row][vc_row][\/vc_row][vc_column][\/vc_column][vc_wp_text][\/vc_wp_text]<\/p>\n<div class=\"innerShortcode\">\n<div class=\"innerContent\">\n<div>\n<h3><strong>PROCEDIMIENTO PARA MATRICULA DE VEH\u00cdCULOS DEL SECTOR P\u00daBLICO<\/strong><\/h3>\n<div id=\"texto\">\n<div class=\"page\" title=\"Page 1\">\n<div class=\"layoutArea\">\n<div class=\"column\">\n<p><strong>PREVIO:<\/strong><\/p>\n<ol>\n<li style=\"text-align: justify;\">Verificar los datos de la instituci\u00f3n (RUC, raz\u00f3n social, direcci\u00f3n) y caracter\u00edsticas de los veh\u00edculos (A\u00f1o, marca, modelo, tipo, motor, chasis, etc.). En caso de alguna no conformidad, acercarse a la Oficina de Registro Vehicular de la EPMM-M para verificar requisitos y efectuar los tr\u00e1mites respectivos para la actualizaci\u00f3n.<\/li>\n<li style=\"text-align: justify;\">Revisar si hay INFRACCIONES DE TRANSITO en la Agencia Nacional de Tr\u00e1nsito (ANT) (www.ant.gob,ec) las mismas que deben estar canceladas previo a seguir los tr\u00e1mites.<\/li>\n<li style=\"text-align: justify;\">Cancelar los valores de Impuesto a la Propiedad de los Veh\u00edculos (matricula), Impuesto Ambiental, Tasas de la ANT y SPPAT (ex SOAT) al Servicio de Rentas Internas (consultar en www.sri.gob.ec) y esperar 48 horas despu\u00e9s de pago.<\/li>\n<\/ol>\n<p style=\"text-align: justify;\"><strong>PROCESO EN EPMM-M:<\/strong><\/p>\n<ol>\n<li style=\"text-align: justify;\">Ingresar a la p\u00e1gina web www.movilidadmachala.gob.ec en la opci\u00f3n de \u201cTurnos On-Line\u201d aqu\u00ed se podr\u00e1 verificar el valor de: TASA DE MATRICULACION, IMPUESTO AL RODAJE, Y RECARGO POR CALENDARIZACION.<\/li>\n<li style=\"text-align: justify;\">Generar la ORDEN DE PAGO por cada veh\u00edculo.<\/li>\n<li style=\"text-align: justify;\">La suma de los totales de la Ordenes de Pago (por cada RUC) deben ser transferidos a la cuenta del Banco Central del Ecuador n\u00famero 68310017 a nombre de EPMUN. MOVILIDAD DE MACHALA, RUC No. 0760051410001.<\/li>\n<li style=\"text-align: justify;\">Enviar al correo electr\u00f3nico tesoreria@movilidadmachala.gob.ec, en formato PDF con m\u00ednimo 150 ppi, los documentos escaneados de toda la informaci\u00f3n (referencia de la transferencia, CUR o SPI, comprobante de egreso de la instituci\u00f3n; y, todas las \u00f3rdenes de pago por los veh\u00edculos que corresponden a la transferencia).<\/li>\n<li style=\"text-align: justify;\">Esperar respuesta por correo electr\u00f3nico de conformidad de los documentos enviados y de la convalidaci\u00f3n de los valores.<\/li>\n<li style=\"text-align: justify;\">Luego de haber recibido el correo electr\u00f3nico, podr\u00e1 generar el turno de Revisi\u00f3n Vehicular en el portal www.movilidadmachala.gob.ec, Turnos On- Line, para continuar con el tr\u00e1mite de matriculaci\u00f3n.<\/li>\n<li style=\"text-align: justify;\">Por cada veh\u00edculo se deber\u00e1 ingresar el dato de la placa y llegar hasta la orden de pago. Debajo del total del tr\u00e1mite se presentar\u00e1 la opci\u00f3n para Aplicar Cr\u00e9dito, al hacer clic sobre este link se cancelar\u00e1 el valor del tr\u00e1mite.<\/li>\n<\/ol>\n<p>&nbsp;<\/p>\n<\/div>\n<\/div>\n<\/div>\n<\/div>\n<\/div>\n<\/div>\n<\/div>\n","protected":false},"excerpt":{"rendered":"<p>[vc_row][vc_column][vc_empty_space height=\u00bb30px\u00bb hide_on_mobile=\u00bb\u00bb][\/vc_column][\/vc_row][vc_row][vc_column width=\u00bb1\/5&#8243;][\/vc_column][vc_column width=\u00bb1\/5&#8243;][\/vc_column][vc_column width=\u00bb1\/5&#8243;][\/vc_column][vc_column width=\u00bb1\/5&#8243;][\/vc_column][vc_column width=\u00bb1\/5&#8243;][\/vc_column][vc_column][vc_empty_space height=\u00bb52px\u00bb hide_on_mobile=\u00bb\u00bb][\/vc_column][\/vc_row][vc_row][vc_column][vc_column_text] [\/vc_column_text][\/vc_column][\/vc_row][vc_row][\/vc_row][vc_column][\/vc_column][vc_wp_text][\/vc_wp_text] PROCEDIMIENTO PARA MATRICULA DE VEH\u00cdCULOS DEL SECTOR P\u00daBLICO PREVIO: Verificar los datos de la instituci\u00f3n (RUC, raz\u00f3n social, direcci\u00f3n) y caracter\u00edsticas de los veh\u00edculos (A\u00f1o, marca, modelo, tipo, motor,&hellip;<\/p>\n","protected":false},"author":1,"featured_media":0,"parent":0,"menu_order":0,"comment_status":"closed","ping_status":"closed","template":"","meta":{"footnotes":""},"class_list":["post-1151","page","type-page","status-publish","hentry"],"_links":{"self":[{"href":"https:\/\/www.movilidadmachala.gob.ec\/web\/wp-json\/wp\/v2\/pages\/1151","targetHints":{"allow":["GET"]}}],"collection":[{"href":"https:\/\/www.movilidadmachala.gob.ec\/web\/wp-json\/wp\/v2\/pages"}],"about":[{"href":"https:\/\/www.movilidadmachala.gob.ec\/web\/wp-json\/wp\/v2\/types\/page"}],"author":[{"embeddable":true,"href":"https:\/\/www.movilidadmachala.gob.ec\/web\/wp-json\/wp\/v2\/users\/1"}],"replies":[{"embeddable":true,"href":"https:\/\/www.movilidadmachala.gob.ec\/web\/wp-json\/wp\/v2\/comments?post=1151"}],"version-history":[{"count":2,"href":"https:\/\/www.movilidadmachala.gob.ec\/web\/wp-json\/wp\/v2\/pages\/1151\/revisions"}],"predecessor-version":[{"id":1153,"href":"https:\/\/www.movilidadmachala.gob.ec\/web\/wp-json\/wp\/v2\/pages\/1151\/revisions\/1153"}],"wp:attachment":[{"href":"https:\/\/www.movilidadmachala.gob.ec\/web\/wp-json\/wp\/v2\/media?parent=1151"}],"curies":[{"name":"wp","href":"https:\/\/api.w.org\/{rel}","templated":true}]}}