{"id":1155,"date":"2021-09-16T15:22:08","date_gmt":"2021-09-16T20:22:08","guid":{"rendered":"https:\/\/www.movilidadmachala.gob.ec\/web\/?page_id=1155"},"modified":"2022-01-17T15:23:37","modified_gmt":"2022-01-17T20:23:37","slug":"renovacion-de-permiso-de-circulacion","status":"publish","type":"page","link":"https:\/\/www.movilidadmachala.gob.ec\/web\/renovacion-de-permiso-de-circulacion\/","title":{"rendered":"RENOVACI\u00d3N DE PERMISO DE CIRCULACI\u00d3N"},"content":{"rendered":"<p>[vc_row][vc_column][vc_empty_space height=\u00bb30px\u00bb hide_on_mobile=\u00bb\u00bb][\/vc_column][\/vc_row][vc_row][vc_column width=\u00bb1\/5&#8243;][\/vc_column][vc_column width=\u00bb1\/5&#8243;][\/vc_column][vc_column width=\u00bb1\/5&#8243;][\/vc_column][vc_column width=\u00bb1\/5&#8243;][\/vc_column][vc_column width=\u00bb1\/5&#8243;][\/vc_column][vc_column][vc_empty_space height=\u00bb52px\u00bb hide_on_mobile=\u00bb\u00bb][\/vc_column][\/vc_row][vc_row][vc_column][vc_column_text]<\/p>\n<p>[\/vc_column_text][\/vc_column][\/vc_row][vc_row][\/vc_row][vc_column][\/vc_column][vc_wp_text][\/vc_wp_text]<\/p>\n<div class=\"innerShortcode\">\n<div class=\"innerContent\">\n<div>\n<h3><strong>RENOVACI\u00d3N DE PERMISO DE CIRCULACI\u00d3N<\/strong><\/h3>\n<div id=\"texto\">\n<p style=\"text-align: justify;\"><strong><u>RENOVACI\u00d3N DEL PERMISO DE CIRCULACI\u00d3N<\/u><\/strong><\/p>\n<p style=\"text-align: justify;\">Es el proceso por medio del cual un veh\u00edculo que consta en el Registro Nacional de Veh\u00edculos de la ANT y que previamente ha sido Matriculado, realiza el proceso de Revisi\u00f3n T\u00e9cnica Vehicular, conforme lo dispuesto en el Calendario de Revisi\u00f3n T\u00e9cnica Vehicular, para obtener el Adhesivo de Revisi\u00f3n T\u00e9cnica Vehicular el cual en conjunto con la Matr\u00edcula del Veh\u00edculo son los documentos que habilitan al mismo a circular en el Ecuador.<\/p>\n<p style=\"text-align: justify;\"><strong>Requisitos<\/strong>.- Para realizar este tr\u00e1mite se deber\u00e1 entregar los siguientes documentos:<\/p>\n<p style=\"text-align: justify;\"><strong>TRANSPORTE PARTICULAR<\/strong><\/p>\n<ul style=\"text-align: justify;\">\n<li>C\u00e9dula de ciudadan\u00eda original<\/li>\n<li>Certificado de votaci\u00f3n original<\/li>\n<li>Matr\u00edcula original vigente o denuncia m\u00e1s certificado \u00fanico vehicular en caso de p\u00e9rdida<\/li>\n<li>Correo electr\u00f3nico, direcci\u00f3n y tel\u00e9fono<\/li>\n<li>Comprobante de pago de movilidad original<\/li>\n<\/ul>\n<p style=\"text-align: justify;\"><strong>EN CASO DE VEH\u00cdCULO P\u00daBLICO, ADJUNTAR:<\/strong><\/p>\n<ul style=\"text-align: justify;\">\n<li>Permiso de operaciones o resoluci\u00f3n<\/li>\n<\/ul>\n<p style=\"text-align: justify;\"><strong>EN CASO DE TRATARSE DE UNA EMPRESA, SE DEBE ADJUNTAR:<\/strong><\/p>\n<ul style=\"text-align: justify;\">\n<li>RUC de la empresa<\/li>\n<li>Copia de c\u00e9dula del Representante Legal<\/li>\n<li>Copia de certificado de votaci\u00f3n del Representante Legal<\/li>\n<li>Nombramiento del Representante Legal<\/li>\n<li>Autorizaci\u00f3n del Representante Legal para que realice el tr\u00e1mite cuando sea tercera persona<\/li>\n<li>Original y copia de C\u00e9dula y certificado de votaci\u00f3n del autorizado<\/li>\n<\/ul>\n<p style=\"text-align: justify;\"><strong>EN CASO DE FIDEICOMISO, ADJUNTAR:<\/strong><\/p>\n<ul>\n<li style=\"text-align: justify;\">Copia del Contrato de fideicomiso o factura de compra<\/li>\n<\/ul>\n<p>&nbsp;<\/p>\n<\/div>\n<\/div>\n<\/div>\n<\/div>\n","protected":false},"excerpt":{"rendered":"<p>[vc_row][vc_column][vc_empty_space height=\u00bb30px\u00bb hide_on_mobile=\u00bb\u00bb][\/vc_column][\/vc_row][vc_row][vc_column width=\u00bb1\/5&#8243;][\/vc_column][vc_column width=\u00bb1\/5&#8243;][\/vc_column][vc_column width=\u00bb1\/5&#8243;][\/vc_column][vc_column width=\u00bb1\/5&#8243;][\/vc_column][vc_column width=\u00bb1\/5&#8243;][\/vc_column][vc_column][vc_empty_space height=\u00bb52px\u00bb hide_on_mobile=\u00bb\u00bb][\/vc_column][\/vc_row][vc_row][vc_column][vc_column_text] [\/vc_column_text][\/vc_column][\/vc_row][vc_row][\/vc_row][vc_column][\/vc_column][vc_wp_text][\/vc_wp_text] RENOVACI\u00d3N DE PERMISO DE CIRCULACI\u00d3N RENOVACI\u00d3N DEL PERMISO DE CIRCULACI\u00d3N Es el proceso por medio del cual un veh\u00edculo que consta en el Registro Nacional de Veh\u00edculos de la&hellip;<\/p>\n","protected":false},"author":1,"featured_media":0,"parent":0,"menu_order":0,"comment_status":"closed","ping_status":"closed","template":"","meta":{"footnotes":""},"class_list":["post-1155","page","type-page","status-publish","hentry"],"_links":{"self":[{"href":"https:\/\/www.movilidadmachala.gob.ec\/web\/wp-json\/wp\/v2\/pages\/1155","targetHints":{"allow":["GET"]}}],"collection":[{"href":"https:\/\/www.movilidadmachala.gob.ec\/web\/wp-json\/wp\/v2\/pages"}],"about":[{"href":"https:\/\/www.movilidadmachala.gob.ec\/web\/wp-json\/wp\/v2\/types\/page"}],"author":[{"embeddable":true,"href":"https:\/\/www.movilidadmachala.gob.ec\/web\/wp-json\/wp\/v2\/users\/1"}],"replies":[{"embeddable":true,"href":"https:\/\/www.movilidadmachala.gob.ec\/web\/wp-json\/wp\/v2\/comments?post=1155"}],"version-history":[{"count":1,"href":"https:\/\/www.movilidadmachala.gob.ec\/web\/wp-json\/wp\/v2\/pages\/1155\/revisions"}],"predecessor-version":[{"id":1156,"href":"https:\/\/www.movilidadmachala.gob.ec\/web\/wp-json\/wp\/v2\/pages\/1155\/revisions\/1156"}],"wp:attachment":[{"href":"https:\/\/www.movilidadmachala.gob.ec\/web\/wp-json\/wp\/v2\/media?parent=1155"}],"curies":[{"name":"wp","href":"https:\/\/api.w.org\/{rel}","templated":true}]}}