{"id":1180,"date":"2021-09-17T14:26:57","date_gmt":"2021-09-17T19:26:57","guid":{"rendered":"https:\/\/www.movilidadmachala.gob.ec\/web\/?page_id=1180"},"modified":"2023-10-26T15:20:07","modified_gmt":"2023-10-26T20:20:07","slug":"formulario-de-reclamos-por-sanciones-de-parqueo-tarifado","status":"publish","type":"page","link":"https:\/\/www.movilidadmachala.gob.ec\/web\/formulario-de-reclamos-por-sanciones-de-parqueo-tarifado\/","title":{"rendered":"FORMULARIO DE RECLAMOS POR SANCIONES DE PARQUEO TARIFADO"},"content":{"rendered":"<p>[vc_row][vc_column][vc_empty_space height=\u00bb30px\u00bb hide_on_mobile=\u00bb\u00bb][\/vc_column][\/vc_row][vc_row][vc_column width=\u00bb1\/5&#8243;][\/vc_column][vc_column width=\u00bb1\/5&#8243;][\/vc_column][vc_column width=\u00bb1\/5&#8243;][\/vc_column][vc_column width=\u00bb1\/5&#8243;][\/vc_column][vc_column width=\u00bb1\/5&#8243;][\/vc_column][vc_column][vc_empty_space height=\u00bb52px\u00bb hide_on_mobile=\u00bb\u00bb][\/vc_column][\/vc_row][vc_row][vc_column][vc_column_text]<\/p>\n<p>[\/vc_column_text][\/vc_column][\/vc_row][vc_row][\/vc_row][vc_column][\/vc_column][vc_wp_text][\/vc_wp_text]<\/p>\n<div class=\"innerShortcode\">\n<div class=\"innerContent\">\n<div>\n<h3>FORMULARIO DE RECLAMOS POR SANCIONES DE PARQUEO TARIFADO<\/h3>\n<div id=\"texto\">\n<h3>DOCUMENTOS V\u00c1LIDOS PARA PRESENTAR UN RECLAMO<\/h3>\n<p style=\"text-align: justify;\">Las personas que deseen presentar un reclamo por multas de espacios de parqueo tarifado con parqu\u00edmetros, deben adjuntar los justificativos correspondientes enmarcados en los siguientes par\u00e1metros:<\/p>\n<p style=\"text-align: justify;\"><strong>PERSONAS CON\u00a0DISCAPACIDAD<\/strong><\/p>\n<ul style=\"text-align: justify;\">\n<li>Carnet de Discapacitado.<\/li>\n<li>El veh\u00edculo debe estar a nombre del discapacitado.<\/li>\n<li>El discapacitado puede tener un solo veh\u00edculo a su nombre.<\/li>\n<li>Documentaci\u00f3n que acredite al Sustituto (de ser el caso).<\/li>\n<\/ul>\n<p style=\"text-align: justify;\"><strong>EMERGENCIA M\u00c9DICA<\/strong><\/p>\n<ul style=\"text-align: justify;\">\n<li>Certificado impreso en papel membretado, donde conste direcci\u00f3n y tel\u00e9fono del lugar donde se realiz\u00f3 la atenci\u00f3n m\u00e9dica.<\/li>\n<li>Fecha y hora que empez\u00f3 y termin\u00f3 la atenci\u00f3n.<\/li>\n<li>El diagn\u00f3stico escrito claramente con la codificaci\u00f3n internacional CIE10.<\/li>\n<li>Nombres, apellidos y n\u00famero de c\u00e9dula del paciente.<\/li>\n<li>Nombre, firma y sello m\u00e9dico donde conste su registro en el MSP.<\/li>\n<\/ul>\n<p style=\"text-align: justify;\"><strong>DILIGENCIA JUDICIAL<\/strong><\/p>\n<ul style=\"text-align: justify;\">\n<li>Certificado membretado de la instituci\u00f3n.<\/li>\n<li>Nombres completos del citado a la diligencia.<\/li>\n<li>Fecha y hora de la misma.<\/li>\n<li>Hora que concluy\u00f3 la diligencia.<\/li>\n<li>Firma y sello de quien emite el certificado.<\/li>\n<\/ul>\n<p><strong>FORMULARIO DE RECLAMO<\/strong><\/p>\n<table width=\"100%\">\n<tbody>\n<tr>\n<td>FORMULARIO DE RECLAMOS POR SANCIONES DE PARQUEO TARIFADO<\/td>\n<td><a href=\"https:\/\/www.movilidadmachala.gob.ec\/wp-content\/uploads\/2020\/01\/formulario-reclamos-parquimetros-1.pdf\" target=\"_blank\" rel=\"noopener noreferrer\"><img loading=\"lazy\" decoding=\"async\" class=\"alignnone\" src=\"http:\/\/www.movilidadmachala.gob.ec\/wp-content\/uploads\/2018\/02\/print3.png\" alt=\"\" width=\"58\" height=\"49\" \/><\/a><\/td>\n<\/tr>\n<\/tbody>\n<\/table>\n<p>&nbsp;<\/p>\n<\/div>\n<\/div>\n<\/div>\n<\/div>\n","protected":false},"excerpt":{"rendered":"<p>[vc_row][vc_column][vc_empty_space height=\u00bb30px\u00bb hide_on_mobile=\u00bb\u00bb][\/vc_column][\/vc_row][vc_row][vc_column width=\u00bb1\/5&#8243;][\/vc_column][vc_column width=\u00bb1\/5&#8243;][\/vc_column][vc_column width=\u00bb1\/5&#8243;][\/vc_column][vc_column width=\u00bb1\/5&#8243;][\/vc_column][vc_column width=\u00bb1\/5&#8243;][\/vc_column][vc_column][vc_empty_space height=\u00bb52px\u00bb hide_on_mobile=\u00bb\u00bb][\/vc_column][\/vc_row][vc_row][vc_column][vc_column_text] [\/vc_column_text][\/vc_column][\/vc_row][vc_row][\/vc_row][vc_column][\/vc_column][vc_wp_text][\/vc_wp_text] FORMULARIO DE RECLAMOS POR SANCIONES DE PARQUEO TARIFADO DOCUMENTOS V\u00c1LIDOS PARA PRESENTAR UN RECLAMO Las personas que deseen presentar un reclamo por multas de espacios de parqueo tarifado con&hellip;<\/p>\n","protected":false},"author":1,"featured_media":0,"parent":0,"menu_order":0,"comment_status":"closed","ping_status":"closed","template":"","meta":{"footnotes":""},"class_list":["post-1180","page","type-page","status-publish","hentry"],"_links":{"self":[{"href":"https:\/\/www.movilidadmachala.gob.ec\/web\/wp-json\/wp\/v2\/pages\/1180","targetHints":{"allow":["GET"]}}],"collection":[{"href":"https:\/\/www.movilidadmachala.gob.ec\/web\/wp-json\/wp\/v2\/pages"}],"about":[{"href":"https:\/\/www.movilidadmachala.gob.ec\/web\/wp-json\/wp\/v2\/types\/page"}],"author":[{"embeddable":true,"href":"https:\/\/www.movilidadmachala.gob.ec\/web\/wp-json\/wp\/v2\/users\/1"}],"replies":[{"embeddable":true,"href":"https:\/\/www.movilidadmachala.gob.ec\/web\/wp-json\/wp\/v2\/comments?post=1180"}],"version-history":[{"count":8,"href":"https:\/\/www.movilidadmachala.gob.ec\/web\/wp-json\/wp\/v2\/pages\/1180\/revisions"}],"predecessor-version":[{"id":1188,"href":"https:\/\/www.movilidadmachala.gob.ec\/web\/wp-json\/wp\/v2\/pages\/1180\/revisions\/1188"}],"wp:attachment":[{"href":"https:\/\/www.movilidadmachala.gob.ec\/web\/wp-json\/wp\/v2\/media?parent=1180"}],"curies":[{"name":"wp","href":"https:\/\/api.w.org\/{rel}","templated":true}]}}