{"id":1888,"date":"2021-11-18T16:58:17","date_gmt":"2021-11-18T21:58:17","guid":{"rendered":"https:\/\/www.movilidadmachala.gob.ec\/web\/?page_id=1888"},"modified":"2026-03-13T17:39:25","modified_gmt":"2026-03-13T22:39:25","slug":"proceso-de-seleccion-de-aliado-estrategico-cigm-rtv","status":"publish","type":"page","link":"https:\/\/www.movilidadmachala.gob.ec\/web\/proceso-de-seleccion-de-aliado-estrategico-cigm-rtv\/","title":{"rendered":"PROCESO DE SELECCI\u00d3N DE ALIADO ESTRAT\u00c9GICO \u2013 CIGM RTV"},"content":{"rendered":"<p>[vc_row][vc_column][vc_empty_space height=\u00bb30px\u00bb hide_on_mobile=\u00bb\u00bb][\/vc_column][\/vc_row][vc_row][vc_column width=\u00bb1\/5&#8243;][\/vc_column][vc_column width=\u00bb1\/5&#8243;][\/vc_column][vc_column width=\u00bb1\/5&#8243;][\/vc_column][vc_column width=\u00bb1\/5&#8243;][\/vc_column][vc_column width=\u00bb1\/5&#8243;][\/vc_column][vc_column][vc_empty_space height=\u00bb52px\u00bb hide_on_mobile=\u00bb\u00bb][\/vc_column][\/vc_row][vc_row][vc_column][vc_column_text]<\/p>\n<p>[\/vc_column_text][\/vc_column][\/vc_row][vc_row][vc_column][vc_empty_space height=\u00bb500px\u00bb hide_on_mobile=\u00bb\u00bb][vc_wp_text]<\/p>\n<h4><strong>PROCESO DE SELECCI\u00d3N DE ALIADO ESTRAT\u00c9GICO \u2013 CIGM RTV<\/strong><\/h4>\n<div id=\"texto\">\n<p style=\"text-align: justify;\">SELECCI\u00d3N DE ALIADO ESTRAT\u00c9GICO PARA EL DISE\u00d1O Y CONSTRUCCI\u00d3N DE LA OBRA CIVIL DEL CENTRO INTEGRADO DE GESTION DE LA MOVILIDAD, EQUIPAMIENTO T\u00c9CNICO Y TECNOL\u00d3GICO Y PRESTACI\u00d3N DEL SERVICIO P\u00daBLICO DE REVISI\u00d3N T\u00c9CNICA VEHICULAR EN EL CANT\u00d3N MACHALA<\/p>\n<h4><strong><u>Aliado Estrat\u00e9gico CIGM RTV<\/u><\/strong><\/h4>\n<\/div>\n<p>[\/vc_wp_text][vc_tta_accordion c_icon=\u00bbtriangle\u00bb active_section=\u00bb\u00bb][vc_tta_section title=\u00bbRESOLUCI\u00d3N DE INICIO\u00bb tab_id=\u00bb1637242040028-3f426e12-f74a\u00bb][vc_wp_text]<\/p>\n<table>\n<tbody>\n<tr>\n<td style=\"width: 80%; border-width: 0px 0px 1px 0px; border-style: solid;\">Resoluci\u00f3n No. EPMM-M-GG-RE-2019-005<\/td>\n<td><a href=\"https:\/\/www.movilidadmachala.gob.ec\/web\/wp-content\/uploads\/2021\/11\/1.-RESOLUCION-DE-INICIO_DE_PROCESO_CIGM-RTV.pdf\" target=\"_blank\" rel=\"noopener\"><img loading=\"lazy\" decoding=\"async\" class=\"alignnone\" src=\"http:\/\/www.movilidadmachala.gob.ec\/wp-content\/uploads\/2018\/02\/print3.png\" alt=\"\" width=\"30\" height=\"25\" \/><\/a><\/td>\n<\/tr>\n<\/tbody>\n<\/table>\n<p>[\/vc_wp_text][\/vc_tta_section][vc_tta_section title=\u00bbCONVOCATORIA\u00bb tab_id=\u00bb1637242040054-545b0dd9-d39f\u00bb][vc_wp_text]<\/p>\n<table>\n<tbody>\n<tr>\n<td style=\"width: 80%; border-width: 0px 0px 1px 0px; border-style: solid;\">Concurso P\u00fablico para la Selecci\u00f3n del Aliado Estrat\u00e9gico para el Dise\u00f1o y Construcci\u00f3n de la Obra Civil del Centro Integrado de Gesti\u00f3n de la Movilidad, Equipamiento T\u00e9cnico y Tecnol\u00f3gico y Prestaci\u00f3n del Servicio P\u00fablico de Revisi\u00f3n T\u00e9cnica Vehicular en el Cant\u00f3n Machala<\/td>\n<td><a href=\"https:\/\/www.movilidadmachala.gob.ec\/web\/wp-content\/uploads\/2021\/11\/2.-CONVOCATORIA_CIGM-RTV.pdf\" target=\"_blank\" rel=\"noopener\"><img loading=\"lazy\" decoding=\"async\" class=\"alignnone\" src=\"http:\/\/www.movilidadmachala.gob.ec\/wp-content\/uploads\/2018\/02\/print3.png\" alt=\"\" width=\"30\" height=\"25\" \/><\/a><\/td>\n<\/tr>\n<\/tbody>\n<\/table>\n<p>[\/vc_wp_text][\/vc_tta_section][vc_tta_section title=\u00bbCRONOGRAMA\u00bb tab_id=\u00bb1637242616037-69025269-33d3&#8243;][vc_wp_text]<\/p>\n<table>\n<tbody>\n<tr>\n<td style=\"width: 80%; border-width: 0px 0px 1px 0px; border-style: solid;\">Cronograma del Procedimiento de Selecci\u00f3n de Aliado Estrat\u00e9gico<\/td>\n<td><a href=\"https:\/\/www.movilidadmachala.gob.ec\/web\/wp-content\/uploads\/2021\/11\/3.-CRONOGRAMA_PROCESO_CIGM-RTV.pdf\" target=\"_blank\" rel=\"noopener\"><img loading=\"lazy\" decoding=\"async\" class=\"alignnone\" src=\"http:\/\/www.movilidadmachala.gob.ec\/wp-content\/uploads\/2018\/02\/print3.png\" alt=\"\" width=\"30\" height=\"25\" \/><\/a><\/td>\n<\/tr>\n<\/tbody>\n<\/table>\n<p>[\/vc_wp_text][\/vc_tta_section][vc_tta_section title=\u00bbPLIEGOS\u00bb tab_id=\u00bb1637242786765-4de58302-c317&#8243;][vc_wp_text]<\/p>\n<table>\n<tbody>\n<tr>\n<td style=\"width: 80%; border-width: 0px 0px 1px 0px; border-style: solid;\">Pliegos del Concurso P\u00fablico para la Selecci\u00f3n del Aliado Estrat\u00e9gico para el Dise\u00f1o y Construcci\u00f3n de la Obra Civil del Centro Integrado de Gesti\u00f3n de la Movilidad, Equipamiento T\u00e9cnico y Tecnol\u00f3gico y Prestaci\u00f3n del Servicio P\u00fablico de Revisi\u00f3n T\u00e9cnica Vehicular en el Cant\u00f3n Machala<\/td>\n<td><a href=\"https:\/\/www.movilidadmachala.gob.ec\/web\/wp-content\/uploads\/2021\/11\/4.-PLIEGOS_CIGM_RTV_2019.pdf\" target=\"_blank\" rel=\"noopener\"><img loading=\"lazy\" decoding=\"async\" class=\"alignnone\" src=\"http:\/\/www.movilidadmachala.gob.ec\/wp-content\/uploads\/2018\/02\/print3.png\" alt=\"\" width=\"30\" height=\"26\" \/><\/a><\/td>\n<\/tr>\n<\/tbody>\n<\/table>\n<p>[\/vc_wp_text][\/vc_tta_section][vc_tta_section title=\u00bbFASE DE PREGUNTAS, RESPUESTAS Y ACLARACIONES\u00bb tab_id=\u00bb1637242849917-cabb793f-bf7c\u00bb][vc_wp_text]LA FECHA L\u00cdMITE DE PREGUNTAS FUE HASTA LAS 16H00 DEL MARTES 29 DE ENERO DE 2019.<\/p>\n<table>\n<tbody>\n<tr>\n<td style=\"width: 80%; border-width: 0px 0px 1px 0px; border-style: solid;\">Acta de Preguntas, respuestas y aclaraciones<\/td>\n<td><a href=\"https:\/\/www.movilidadmachala.gob.ec\/web\/wp-content\/uploads\/2021\/11\/5.-Acta-de-preguntas-respuestas-y-aclaraciones.pdf\" target=\"_blank\" rel=\"noopener\"><img loading=\"lazy\" decoding=\"async\" class=\"alignnone\" src=\"http:\/\/www.movilidadmachala.gob.ec\/wp-content\/uploads\/2018\/02\/print3.png\" alt=\"\" width=\"30\" height=\"25\" \/><\/a><\/td>\n<\/tr>\n<\/tbody>\n<\/table>\n<p>[\/vc_wp_text][\/vc_tta_section][vc_tta_section title=\u00bbRESOLUCI\u00d3N DE REPROGRAMACI\u00d3N DE CRONOGRAMA\u00bb tab_id=\u00bb1637242909059-7c22af10-88a5&#8243;][vc_wp_text]<\/p>\n<table>\n<tbody>\n<tr>\n<td style=\"width: 80%; border-width: 0px 0px 1px 0px; border-style: solid;\">Convocatoria de reprogramaci\u00f3n de cronograma<\/td>\n<td><a href=\"https:\/\/www.movilidadmachala.gob.ec\/web\/wp-content\/uploads\/2021\/11\/6.-CONVOCATORIA-ALIANZA-AMPL.-PLAZO.pdf\" target=\"_blank\" rel=\"noopener\"><img loading=\"lazy\" decoding=\"async\" class=\"alignnone\" src=\"http:\/\/www.movilidadmachala.gob.ec\/wp-content\/uploads\/2018\/02\/print3.png\" alt=\"\" width=\"30\" height=\"25\" \/><\/a><\/td>\n<\/tr>\n<tr>\n<td style=\"width: 80%; border-width: 0px 0px 1px 0px; border-style: solid;\">Resoluci\u00f3n de reprogramaci\u00f3n de cronograma<\/td>\n<td><a href=\"https:\/\/www.movilidadmachala.gob.ec\/web\/wp-content\/uploads\/2021\/11\/6.1-RESOLUCION-REPROGRAMACION-RTV.pdf\" target=\"_blank\" rel=\"noopener\"><img loading=\"lazy\" decoding=\"async\" class=\"alignnone\" src=\"http:\/\/www.movilidadmachala.gob.ec\/wp-content\/uploads\/2018\/02\/print3.png\" alt=\"\" width=\"30\" height=\"25\" \/><\/a><\/td>\n<\/tr>\n<\/tbody>\n<\/table>\n<p>[\/vc_wp_text][\/vc_tta_section][vc_tta_section title=\u00bbPROYECTO DE CONTRATO\u00bb tab_id=\u00bb1637242967391-8e7e5671-3ce4&#8243;][vc_wp_text]<\/p>\n<table>\n<tbody>\n<tr>\n<td style=\"width: 80%; border-width: 0px 0px 1px 0px; border-style: solid;\">Proyecto de Contrato<\/td>\n<td><a href=\"https:\/\/www.movilidadmachala.gob.ec\/web\/wp-content\/uploads\/2021\/11\/7.-PROYECTO-DE-CONTRATO.pdf\" target=\"_blank\" rel=\"noopener\"><img loading=\"lazy\" decoding=\"async\" class=\"alignnone\" src=\"http:\/\/www.movilidadmachala.gob.ec\/wp-content\/uploads\/2018\/02\/print3.png\" alt=\"\" width=\"30\" height=\"25\" \/><\/a><\/td>\n<\/tr>\n<\/tbody>\n<\/table>\n<p>[\/vc_wp_text][\/vc_tta_section][vc_tta_section title=\u00bbFASE PRECONTRACTUAL\u00bb tab_id=\u00bb1637243018579-b2cb7510-3b6a\u00bb][vc_wp_text]<\/p>\n<h6><strong>ACTA DE APERTURA DE OFERTAS T\u00c9CNICAS<\/strong><\/h6>\n<table>\n<tbody>\n<tr>\n<td style=\"width: 80%; border-width: 0px 0px 1px 0px; border-style: solid;\">Acta de Apertura de Ofertas T\u00e9cnicas<\/td>\n<td><a href=\"https:\/\/www.movilidadmachala.gob.ec\/web\/wp-content\/uploads\/2021\/11\/8.-ACTA-DE-APERTURA-AE-001.pdf\" target=\"_blank\" rel=\"noopener\"><img loading=\"lazy\" decoding=\"async\" class=\"alignnone\" src=\"http:\/\/www.movilidadmachala.gob.ec\/wp-content\/uploads\/2018\/02\/print3.png\" alt=\"\" width=\"30\" height=\"25\" \/><\/a><\/td>\n<\/tr>\n<\/tbody>\n<\/table>\n<p><!--<\/p>\n\n\n\n\n<h2>CALIFICACI\u00d3N DE OFERTAS<\/h2>\n\n\n\n\n<table width=100% style=border=\"0px\">\n\n\n<tr>\n\n\n<td style=\"width:80%; border-width:0px 0px 1px 0px; border-style:solid\">DOCUMENTO 1<\/td>\n\n\n\n\n<td><img decoding=\"async\" src=\"http:\/\/www.movilidadmachala.gob.ec\/wp-content\/uploads\/2018\/02\/print3.png\" width=30px\/><\/td>\n\n\n<\/tr>\n\n\n\n\n<tr>\n\n\n<td style=\"width:80%; border-width:0px 0px 1px 0px; border-style:solid\">DOCUMENTO 2<\/td>\n\n\n\n\n<td><img decoding=\"async\" src=\"http:\/\/www.movilidadmachala.gob.ec\/wp-content\/uploads\/2018\/02\/print3.png\" width=30px\/><\/td>\n\n\n<\/tr>\n\n\n<\/table>\n\n\n\n\n<p>-->[\/vc_wp_text][\/vc_tta_section][vc_tta_section title=\u00bbRESOLUCI\u00d3N DE ADJUDICACI\u00d3N\u00bb tab_id=\u00bb1637243074163-2c9fc7c9-1a35&#8243;][vc_wp_text]<\/p>\n<table>\n<tbody>\n<tr>\n<td style=\"width: 80%; border-width: 0px 0px 1px 0px; border-style: solid;\">ACTA DE NEGOCIACI\u00d3N<\/td>\n<td><a href=\"https:\/\/www.movilidadmachala.gob.ec\/web\/wp-content\/uploads\/2021\/11\/9.-acta-negociacion.pdf\" target=\"_blank\" rel=\"noopener\"><img loading=\"lazy\" decoding=\"async\" class=\"alignnone\" src=\"http:\/\/www.movilidadmachala.gob.ec\/wp-content\/uploads\/2018\/02\/print3.png\" alt=\"\" width=\"30\" height=\"25\" \/><\/a><\/td>\n<\/tr>\n<tr>\n<td style=\"width: 80%; border-width: 0px 0px 1px 0px; border-style: solid;\">RESOLUCI\u00d3N DE ADJUDICACI\u00d3N<\/td>\n<td><a href=\"https:\/\/www.movilidadmachala.gob.ec\/web\/wp-content\/uploads\/2021\/11\/9.1-resolucion-adjudica-RTV.pdf\" target=\"_blank\" rel=\"noopener\"><img loading=\"lazy\" decoding=\"async\" class=\"alignnone\" src=\"http:\/\/www.movilidadmachala.gob.ec\/wp-content\/uploads\/2018\/02\/print3.png\" alt=\"\" width=\"30\" height=\"25\" \/><\/a><\/td>\n<\/tr>\n<\/tbody>\n<\/table>\n<p>[\/vc_wp_text][\/vc_tta_section][vc_tta_section title=\u00bbCONTRATO\u00bb tab_id=\u00bb1637243171046-c95cf728-ae08&#8243;][vc_wp_text]<\/p>\n<table>\n<tbody>\n<tr>\n<td style=\"width: 80%; border-width: 0px 0px 1px 0px; border-style: solid;\">CONTRATO<\/td>\n<td><a href=\"https:\/\/www.movilidadmachala.gob.ec\/web\/wp-content\/uploads\/CONTRATO%20APPLUS%20PROTOCOLIZADO.pdf\" target=\"_blank\" rel=\"noopener\"><img loading=\"lazy\" decoding=\"async\" class=\"alignnone\" src=\"http:\/\/www.movilidadmachala.gob.ec\/wp-content\/uploads\/2018\/02\/print3.png\" alt=\"\" width=\"30\" height=\"25\" \/><\/a><\/td>\n<\/tr>\n<\/tbody>\n<\/table>\n<p>[\/vc_wp_text][\/vc_tta_section][\/vc_tta_accordion][\/vc_column][vc_column][\/vc_column][\/vc_row][vc_column][\/vc_column][vc_wp_text][\/vc_wp_text]<\/p>\n","protected":false},"excerpt":{"rendered":"<p>[vc_row][vc_column][vc_empty_space height=\u00bb30px\u00bb hide_on_mobile=\u00bb\u00bb][\/vc_column][\/vc_row][vc_row][vc_column width=\u00bb1\/5&#8243;][\/vc_column][vc_column width=\u00bb1\/5&#8243;][\/vc_column][vc_column width=\u00bb1\/5&#8243;][\/vc_column][vc_column width=\u00bb1\/5&#8243;][\/vc_column][vc_column width=\u00bb1\/5&#8243;][\/vc_column][vc_column][vc_empty_space height=\u00bb52px\u00bb hide_on_mobile=\u00bb\u00bb][\/vc_column][\/vc_row][vc_row][vc_column][vc_column_text] [\/vc_column_text][\/vc_column][\/vc_row][vc_row][vc_column][vc_empty_space height=\u00bb500px\u00bb hide_on_mobile=\u00bb\u00bb][vc_wp_text] PROCESO DE SELECCI\u00d3N DE ALIADO ESTRAT\u00c9GICO \u2013 CIGM RTV SELECCI\u00d3N DE ALIADO ESTRAT\u00c9GICO PARA EL DISE\u00d1O Y CONSTRUCCI\u00d3N DE LA OBRA CIVIL DEL CENTRO INTEGRADO DE GESTION&hellip;<\/p>\n","protected":false},"author":990009,"featured_media":0,"parent":0,"menu_order":0,"comment_status":"closed","ping_status":"closed","template":"","meta":{"footnotes":""},"class_list":["post-1888","page","type-page","status-publish","hentry"],"_links":{"self":[{"href":"https:\/\/www.movilidadmachala.gob.ec\/web\/wp-json\/wp\/v2\/pages\/1888","targetHints":{"allow":["GET"]}}],"collection":[{"href":"https:\/\/www.movilidadmachala.gob.ec\/web\/wp-json\/wp\/v2\/pages"}],"about":[{"href":"https:\/\/www.movilidadmachala.gob.ec\/web\/wp-json\/wp\/v2\/types\/page"}],"author":[{"embeddable":true,"href":"https:\/\/www.movilidadmachala.gob.ec\/web\/wp-json\/wp\/v2\/users\/990009"}],"replies":[{"embeddable":true,"href":"https:\/\/www.movilidadmachala.gob.ec\/web\/wp-json\/wp\/v2\/comments?post=1888"}],"version-history":[{"count":5,"href":"https:\/\/www.movilidadmachala.gob.ec\/web\/wp-json\/wp\/v2\/pages\/1888\/revisions"}],"predecessor-version":[{"id":1958,"href":"https:\/\/www.movilidadmachala.gob.ec\/web\/wp-json\/wp\/v2\/pages\/1888\/revisions\/1958"}],"wp:attachment":[{"href":"https:\/\/www.movilidadmachala.gob.ec\/web\/wp-json\/wp\/v2\/media?parent=1888"}],"curies":[{"name":"wp","href":"https:\/\/api.w.org\/{rel}","templated":true}]}}