{"id":4248,"date":"2023-07-05T08:03:49","date_gmt":"2023-07-05T13:03:49","guid":{"rendered":"https:\/\/www.movilidadmachala.gob.ec\/web\/?page_id=4248"},"modified":"2023-07-05T08:05:53","modified_gmt":"2023-07-05T13:05:53","slug":"politica-de-privacidad-y-tratamiento-de-datos-personales-para-los-usuarios-de-la-aplicacion-de-parqueo-tarifado-de-movilidad-machala","status":"publish","type":"page","link":"https:\/\/www.movilidadmachala.gob.ec\/web\/politica-de-privacidad-y-tratamiento-de-datos-personales-para-los-usuarios-de-la-aplicacion-de-parqueo-tarifado-de-movilidad-machala\/","title":{"rendered":"POLI\u0301TICA DE PRIVACIDAD Y TRATAMIENTO DE DATOS PERSONALES PARA LOS USUARIOS DE LA APLICACI\u00d3N DE PARQUEO TARIFADO DE MOVILIDAD MACHALA"},"content":{"rendered":"<p><strong>POLI\u0301TICA DE PRIVACIDAD Y TRATAMIENTO DE DATOS PERSONALES PARA LOS USUARIOS DE LA APLICACI\u00d3N DE PARQUEO TARIFADO DE MOVILIDAD MACHALA<\/strong><\/p>\n<p>Fecha \u00faltima actualizaci\u00f3n: 04 de julio del 2023.<\/p>\n<p>En cumplimiento de la normativa vigente en materia de protecci\u00f3n de datos personales, YOVERI S.A., informa a los usuarios del APLICATIVO DE PARQUEO TARIFADO DE MOVILIDAD MACHALA, respecto del tratamiento de los datos personales que por su intermedio se recogen a prop\u00f3sito de la gesti\u00f3n de uso de sitios de parqueo tarifado de la Empresa P\u00fablica Municipal de Movilidad de Machala EPMM-M (en adelante EPMM-M o GAD de Machala).<\/p>\n<p>&nbsp;<\/p>\n<ol>\n<li><strong>POL\u00cdTICA DE PRIVACIDAD.-<\/strong><\/li>\n<\/ol>\n<p><strong>\u00a0<\/strong><\/p>\n<ul>\n<li><strong>TRATAMIENTO DE DATOS PERSONALES.<\/strong><\/li>\n<\/ul>\n<p><strong>\u00a0<\/strong><\/p>\n<p>Se considera al tratamiento de datos personales como cualquier operaci\u00f3n o conjunto de operaciones realizadas sobre datos personales, ya sea por procedimientos t\u00e9cnicos de car\u00e1cter automatizado, parcialmente automatizado o no automatizado, tales como: la recogida, recopilaci\u00f3n, obtenci\u00f3n, registro, organizaci\u00f3n, estructuraci\u00f3n, conservaci\u00f3n, custodia, adaptaci\u00f3n, modificaci\u00f3n, eliminaci\u00f3n, indexaci\u00f3n, extracci\u00f3n, consulta, elaboraci\u00f3n, utilizaci\u00f3n, posesi\u00f3n, aprovechamiento, distribuci\u00f3n, cesi\u00f3n, comunicaci\u00f3n o transferencia, o cualquier otra forma de habilitaci\u00f3n de acceso, cotejo, interconexi\u00f3n, limitaci\u00f3n, supresi\u00f3n, destrucci\u00f3n y, en general, cualquier uso de datos personales.<\/p>\n<p>&nbsp;<\/p>\n<ul>\n<li><strong>TITULARIDAD Y FINALIDAD DE LA APLICACI\u00d3N DE PARQUEO TARIFADO DE MOVILIDAD MACHALA.<\/strong><\/li>\n<\/ul>\n<p><strong>\u00a0<\/strong><\/p>\n<p>YOVERI S.A. (en adelante YOVERI), es el productor y por tanto titular de los derechos de propiedad intelectual de la APLICACI\u00d3N DE PARQUEO TARIFADO DE MOVILIDAD MACHALA (en adelante APLICACI\u00d3N), misma que tiene por finalidad (en adelante FINALIDAD), que los usuarios realicen la gesti\u00f3n y el pago por el uso de parqueaderos tarifados en el GAD de Machala.<\/p>\n<p><strong>\u00a0<\/strong><\/p>\n<ul>\n<li><strong>IDENTIFICACIO\u0301N DEL RESPONSABLE DEL TRATAMIENTO DE PERSONALES. <\/strong><\/li>\n<\/ul>\n<p>&nbsp;<\/p>\n<p>El GAD de Machala ser\u00e1 el responsable del Tratamiento de Datos Personales (en adelante el RESPONSABLE), entidad que decidir\u00e1 sobre la finalidad y tratamiento de los datos personales que, por intermedio de la APLICACI\u00d3N, le han sido facilitados por los titulares\/usuarios.<\/p>\n<p>&nbsp;<\/p>\n<p>&nbsp;<\/p>\n<ul>\n<li><strong>IDENTIFICACI\u00d3N DEL ENCARGADO DEL TRATAMIENTO DE DATOS PERSONALES. <\/strong><\/li>\n<\/ul>\n<p>&nbsp;<\/p>\n<p>Por medio del presente instrumento, el GAD de Machala, declara que ha designado a YOVERI como <strong>encargado<\/strong> del tratamiento de los datos personales ingresados por el usuario a trav\u00e9s de la APLICACI\u00d3N; por lo tanto, en el marco del tratamiento de datos personales, las actividades de YOVERI se circunscribir\u00e1n \u00fanica y exclusivamente a las acciones encomendadas por el GAD de Machala.<\/p>\n<p>&nbsp;<\/p>\n<ul>\n<li><strong>FINALIDAD DEL TRATAMIENTO DE DATOS PERSONALES.<\/strong><\/li>\n<\/ul>\n<p><strong>\u00a0<\/strong><\/p>\n<p>Para el acceso y posterior uso de la APLICACI\u00d3N, el usuario deber\u00e1 facilitar -de forma voluntaria-, sus datos de car\u00e1cter personal (esencialmente identificativos), los cuales ser\u00e1n incorporados a soportes (ficheros) automatizados de titularidad del RESPONSABLE.<\/p>\n<p>&nbsp;<\/p>\n<p>El almacenamiento, recogida, modificaci\u00f3n, estructuraci\u00f3n, eliminaci\u00f3n; y en general, cualquier uso de datos personales, constituir\u00e1n operaciones de tratamiento llevadas a cabo por el Responsable del Tratamiento de Datos Personales, con la finalidad de permitir la gesti\u00f3n, administraci\u00f3n, informaci\u00f3n, prestaci\u00f3n y mejora del servicio proporcionado por la APLICACI\u00d3N as\u00ed como el acceso y posterior uso de la misma.<\/p>\n<p>&nbsp;<\/p>\n<p>Los datos personales facilitados por el usuario, particularmente el correo electr\u00f3nico, servir\u00e1 como medio de notificaci\u00f3n de las facturas o comprobantes de pago por el uso del parqueo tarifario; y en general, como medio de contacto para recibir cualquier tipo de comunicaci\u00f3n relacionada con la FINALIDAD de la APLICACI\u00d3N, inclusive en lo atinente a las infracciones de tr\u00e1nsito.<\/p>\n<p>&nbsp;<\/p>\n<p>Adicionalmente, el correo electr\u00f3nico servir\u00e1 como medio de notificaci\u00f3n para ejecutar todo procedimiento de tr\u00e1nsito, transporte terrestre y seguridad vial<\/p>\n<p>&nbsp;<\/p>\n<p>El correo electr\u00f3nico tambi\u00e9n servir\u00e1 para recibir boletines, comunicaciones informativas o comerciales o publicidad, ello siempre y cuando, el usuario haya prestado previamente su consentimiento expreso para la recepci\u00f3n de estas comunicaciones informativas o comerciales v\u00eda electr\u00f3nica. El usuario podr\u00e1 oponerse o cancelar el env\u00edo de comunicaciones comerciales remitiendo un correo electr\u00f3nico al responsable del Tratamiento de Datos.<\/p>\n<p>&nbsp;<\/p>\n<ul>\n<li><strong>LEGITIMACIO\u0301N PARA EL TRATAMIENTO DE DATOS. <\/strong><\/li>\n<\/ul>\n<p>&nbsp;<\/p>\n<p>El tratamiento de los datos del usuario\/titular se realizar\u00e1 en funci\u00f3n de lo siguiente:<\/p>\n<p>&nbsp;<\/p>\n<ul>\n<li>La solicitud de informaci\u00f3n y\/o la contrataci\u00f3n (a t\u00edtulo gratuito u oneroso) de los servicios y uso de la APLICACI\u00d3N, cuyos t\u00e9rminos y condiciones se pondr\u00e1n a disposici\u00f3n del usuario con car\u00e1cter previo para su expresa aceptaci\u00f3n.<\/li>\n<\/ul>\n<p>&nbsp;<\/p>\n<ul>\n<li>El consentimiento libre, espec\u00edfico, informado e inequ\u00edvoco del usuario, poniendo a su disposici\u00f3n el presente documento, que deber\u00e1\u0301 aceptar mediante una declaraci\u00f3n o una clara acci\u00f3n afirmativa, como el marcado de una casilla dispuesta para el efecto.<\/li>\n<\/ul>\n<p>&nbsp;<\/p>\n<p>En caso de que el usuario no facilite al RESPONSABLE sus datos, o lo haga de forma err\u00f3nea o incompleta, no ser\u00e1\u0301 posible proceder al uso de la APLICACI\u00d3N.<\/p>\n<p>&nbsp;<\/p>\n<ul>\n<li><strong>CONSERVACIO\u0301N DE LOS DATOS PERSONALES. <\/strong><\/li>\n<\/ul>\n<p><strong>\u00a0<\/strong><\/p>\n<p>Los datos personales proporcionados por el titular se conservar\u00e1n en los sistemas y bases de datos del Encargado y del Responsable del Tratamiento, mientras aquel mantenga su usuario; y consecuentemente, mientras contin\u00fae haciendo uso de la APLICACI\u00d3N, siempre que no solicite expresamente la supresi\u00f3n de la informaci\u00f3n de sus datos personales.<\/p>\n<p><strong>\u00a0<\/strong><\/p>\n<p>Con el objetivo de depurar las posibles responsabilidades derivadas del tratamiento, los datos se conservar\u00e1n por un periodo m\u00ednimo de cinco a\u00f1os.<\/p>\n<p><strong>\u00a0<\/strong><\/p>\n<ul>\n<li><\/li>\n<\/ul>\n<p>&nbsp;<\/p>\n<p>Los datos no se comunicar\u00e1n a ning\u00fan tercero ajeno al ENCARGADO y RESPONSABLE, salvo obligaci\u00f3n legal o, en cualquier caso, previo consentimiento del usuario\/titular.<\/p>\n<p>&nbsp;<\/p>\n<p>De otra parte, el RESPONSABLE podr\u00e1 dar acceso o transmitir los datos personales facilitados por el usuario\/titular a terceros proveedores de servicios con los que haya suscrito acuerdos de encargo de tratamiento de datos, y que \u00fanicamente accedan a dicha informaci\u00f3n para prestar un servicio en favor y por cuenta del Responsable y a fin de cumplir con la finalidad del tratamiento de los datos del usuario.<\/p>\n<p>&nbsp;<\/p>\n<ul>\n<li><strong>RETENCIO\u0301N DE DATOS. <\/strong><\/li>\n<\/ul>\n<p>&nbsp;<\/p>\n<p>El RESPONSABLE informa al usuario que, a fin de que sus datos sean tratados con la finalidad del tratamiento aqu\u00ed descrita, alojar\u00e1 y retendr\u00e1 sus datos por un periodo m\u00ednimo de cinco a\u00f1os.<\/p>\n<p>&nbsp;<\/p>\n<p>La retenci\u00f3n de estos datos no afectar\u00e1 al secreto de las comunicaciones, y s\u00f3lo podr\u00e1n ser utilizados en el marco de una investigaci\u00f3n criminal o para salvaguardar la seguridad p\u00fablica, poni\u00e9ndose a disposici\u00f3n de los jueces y\/o tribunales o de la Fiscal\u00eda u otros entes de control competentes que asi\u0301 los requieran.<\/p>\n<p>&nbsp;<\/p>\n<p>La comunicaci\u00f3n de datos a las Fuerzas Armadas, Polic\u00eda Nacional y dem\u00e1s cuerpos de seguridad del Estado, se har\u00e1 en virtud de lo dispuesto por la normativa sobre protecci\u00f3n de datos personales, y bajo el m\u00e1ximo respeto a la misma.<\/p>\n<p><strong>\u00a0<\/strong><\/p>\n<ul>\n<li><strong>PROPIEDAD INTELECTUAL. <\/strong><\/li>\n<\/ul>\n<p><strong>\u00a0<\/strong><\/p>\n<ul>\n<li>YOVERI es titular de todos los derechos de propiedad intelectual (particular, pero no exclusivamente los derechos de autor, <em>\u201cknow how\u201d<\/em>, secretos empresariales), y cuantos otros derechos que guarden relaci\u00f3n con la APLICACI\u00d3N y con la informaci\u00f3n relacionada a la misma, a excepci\u00f3n de la marca que decida para el caso en concreto conferirle del GAD de Machala.<\/li>\n<\/ul>\n<p><strong>\u00a0<\/strong><\/p>\n<ul>\n<li>YOVERI dispone de los derechos de explotaci\u00f3n y propiedad intelectual de la APLICACI\u00d3N, y el GAD de Machala, en calidad de licenciatario, los derechos de uso de la APLICACI\u00d3N.<\/li>\n<\/ul>\n<p>&nbsp;<\/p>\n<ul>\n<li>Los usuarios no adquieren derecho alguno por el servicio contratado, con excepci\u00f3n del derecho de uso respecto de los servicios y funcionalidades de la APLICACI\u00d3N que han de utilizar.<\/li>\n<\/ul>\n<p>&nbsp;<\/p>\n<ul>\n<li>Los usuarios deben respetar los programas de terceros puestos a su disposici\u00f3n, aun siendo gratuitos y\/o de disposici\u00f3n p\u00fablica.<\/li>\n<\/ul>\n<p>&nbsp;<\/p>\n<ul>\n<li>Para toda actuaci\u00f3n que exceda los t\u00e9rminos y condiciones de uso, as\u00ed como la FINALIDAD de la APLICACI\u00d3N, los usuarios necesitar\u00e1n autorizaci\u00f3n previa, expresa y por escrito del titular de la APLICACI\u00d3N (YOVERI S.A.), quedando prohibido al usuario acceder, modificar o visualizar la configuraci\u00f3n, estructura y ficheros de los servidores de propiedad de YOVERI y\/o del GAD de Machala, asumiendo la responsabilidad administrativa, civil y penal derivada de cualquier incidencia que se pudiera producir en los servidores y sistemas de seguridad como consecuencia directa de una actuaci\u00f3n negligente o maliciosa por su parte.<\/li>\n<\/ul>\n<p><strong>\u00a0<\/strong><\/p>\n<ul>\n<li><\/li>\n<\/ul>\n<p>&nbsp;<\/p>\n<p>Respecto de los servicios prestados a trav\u00e9s de la APLICACI\u00d3N se proh\u00edbe:<\/p>\n<p>&nbsp;<\/p>\n<ul>\n<li>El uso contrario a la normativa sobre propiedad intelectual.<\/li>\n<\/ul>\n<p>&nbsp;<\/p>\n<ul>\n<li>La utilizaci\u00f3n que contravenga el ordenamiento jur\u00eddico o que infrinja derechos de terceros.<\/li>\n<\/ul>\n<p>&nbsp;<\/p>\n<ul>\n<li>La publicaci\u00f3n o la transmisi\u00f3n de cualquier contenido que, a juicio del GAD de MACHALA y\/o YOVERI, resulte violento, obsceno, abusivo, ilegal, racial, xen\u00f3fobo o difamatorio.<\/li>\n<\/ul>\n<p>&nbsp;<\/p>\n<ul>\n<li>Los cracks, n\u00fameros de serie de programas o cualquier otro contenido que vulnere derechos de propiedad intelectual inclusive de terceros.<\/li>\n<\/ul>\n<p>&nbsp;<\/p>\n<ul>\n<li>La recogida y\/o utilizaci\u00f3n de datos personales de otros usuarios sin su consentimiento expreso o que infrinja la normativa vigente.<\/li>\n<\/ul>\n<p>&nbsp;<\/p>\n<ul>\n<li>La utilizaci\u00f3n del servidor de correo del dominio y de las direcciones de correo electr\u00f3nico para el env\u00edo de correo masivo no deseado.<\/li>\n<\/ul>\n<p>&nbsp;<\/p>\n<ul>\n<li><strong>DERECHOS DE TERCEROS.<\/strong><\/li>\n<\/ul>\n<p><strong>\u00a0<\/strong><\/p>\n<p>Los usuarios son responsables del cumplimiento de la normativa en vigor y las reglas que tienen que ver con el funcionamiento del servicio online, comercio electr\u00f3nico, derechos de autor, propiedad intelectual, mantenimiento del orden p\u00fablico, as\u00ed como principios universales de uso de Internet.<\/p>\n<p>&nbsp;<\/p>\n<p>Los usuarios indemnizar\u00e1n a YOVERI y\/o al GAD de MACHALA por los gastos que generar\u00e1 la imputaci\u00f3n de da\u00f1os y perjuicios, indemnizaciones, multas y\/o sanciones en alguna causa cuya responsabilidad fuera atribuible al usuario, incluidos honorarios y gastos de defensa jur\u00eddica, incluso en el caso de una decisi\u00f3n judicial o administrativa no definitiva.<\/p>\n<p>&nbsp;<\/p>\n<ul>\n<li><strong>PROTECCIO\u0301N DE LA INFORMACIO\u0301N. <\/strong><\/li>\n<\/ul>\n<p>&nbsp;<\/p>\n<p>El Responsable del Tratamiento adoptar\u00e1 las medidas necesarias para, de conformidad con la normativa aplicable, garantizar la seguridad, integridad y confidencialidad de los datos del usuario. Si bien el Responsable del Tratamiento, realiza copias de seguridad de los contenidos, no se responsabilizar\u00e1 por la p\u00e9rdida o el borrado accidental de los datos por parte de los usuarios. De igual manera, no garantizar\u00e1 la reposici\u00f3n total de los datos borrados por los usuarios, ya que los citados datos podr\u00edan haber sido suprimidos y\/o modificados durante el per\u00edodo de tiempo transcurrido desde la \u00faltima copia de seguridad.<\/p>\n<p>&nbsp;<\/p>\n<p>Los servicios facilitados o prestados a trav\u00e9s de la APLICACI\u00d3N, excepto los servicios espec\u00edficos de respaldo <em>(backup)<\/em>, no incluyen la reposici\u00f3n de los contenidos conservados en las copias de seguridad realizadas por el Responsable del Tratamiento cuando esta p\u00e9rdida sea imputable a los usuarios.<\/p>\n<p>&nbsp;<\/p>\n<ul>\n<li><strong>DERECHOS DE ACCESO, RECTIFICACIO\u0301N, LIMITACIO\u0301N, SUPRESIO\u0301N, OPOSICIO\u0301N Y PORTABILIDAD. <\/strong><\/li>\n<\/ul>\n<p><strong>\u00a0<\/strong><\/p>\n<p>El RESPONSABLE, informa a los usuarios que le asisten los derechos de informaci\u00f3n, acceso, rectificaci\u00f3n y actualizaci\u00f3n, oposici\u00f3n, portabilidad, suspensi\u00f3n del tratamiento, consulta, los cuales podr\u00e1\u0301 ejercitar mediante petici\u00f3n dirigida al correo electr\u00f3nico <a href=\"mailto:btorres@movilidadmachala.gob.ec\">btorres@movilidadmachala.gob.ec<\/a> .<\/p>\n<p>&nbsp;<\/p>\n<p>Asimismo, los usuarios tienen derecho a revocar el consentimiento inicialmente prestado, y a interponer reclamaciones de derechos ante las autoridades competentes de conformidad con lo prescrito en la normativa vigente.<\/p>\n<p>&nbsp;<\/p>\n<ul>\n<li><strong>COMUNICACIONES COMERCIALES POR VI\u0301A ELECTRO\u0301NICA. <\/strong><\/li>\n<\/ul>\n<p>&nbsp;<\/p>\n<p>De conformidad con la normativa, el RESPONSABLE o el productor de la APLICACI\u00d3N, no enviar\u00e1n comunicaciones publicitarias o promocionales por correo electro\u0301nico u otro medio de comunicacio\u0301n electro\u0301nica equivalente sin que previamente se hubiere autorizado aquello.<\/p>\n<p>&nbsp;<\/p>\n<p>En el caso de usuarios con los que exista una relacio\u0301n contractual, juri\u0301dica o de servicios previa, el Responsable del Tratamiento, si\u0301 estara\u0301 autorizado al envi\u0301o de comunicaciones comerciales referentes a productos o servicios que sean similares a los que inicialmente fueron objeto de contratacio\u0301n con el usuario.<\/p>\n<p>&nbsp;<\/p>\n<p>En caso de que el usuario quiera dar de baja las citadas comunicaciones, podra\u0301 hacerlo remitiendo su voluntad por e-mail al correo electro\u0301nico: <a href=\"mailto:btorres@movilidadmachala.gob.ec\">btorres@movilidadmachala.gob.ec<\/a>.<\/p>\n<p><strong>\u00a0<\/strong><\/p>\n<ol>\n<li><strong>AUTORIZACI\u00d3N DEL TRATAMIENTO DE DATOS PERSONALES.-<\/strong><\/li>\n<\/ol>\n<p><strong>\u00a0<\/strong><\/p>\n<p>De conformidad con lo establecido en la Ley Org\u00e1nica de Protecci\u00f3n de Datos Personales, el tratamiento de los datos ingresados por el usuario a trav\u00e9s de la APLICACI\u00d3N se sujetar\u00e1 a los siguientes t\u00e9rminos y condiciones:<\/p>\n<p><strong>\u00a0<\/strong><\/p>\n<p><strong>2.1\u00a0\u00a0\u00a0\u00a0 OBJETO.<\/strong><\/p>\n<p><strong>\u00a0<\/strong><\/p>\n<p>El objeto del presente ac\u00e1pite ser\u00e1 autorizar, modificar, eliminar y delimitar el tratamiento de los datos ingresados por el usuario a trav\u00e9s de la APLICACI\u00d3N.<\/p>\n<p><strong>\u00a0<\/strong><\/p>\n<p><strong>2.2\u00a0\u00a0\u00a0\u00a0 FINALIDAD.<\/strong><\/p>\n<p><strong>\u00a0<\/strong><\/p>\n<p>El tratamiento de los datos personales que el usuario registre por intermedio de la APLICACI\u00d3N para la gesti\u00f3n y el pago por el uso de parqueaderos tarifados en el GAD de Machala, ser\u00e1 la FINALIDAD de la presente autorizaci\u00f3n.<\/p>\n<p><strong>\u00a0<\/strong><\/p>\n<p><strong>2.3\u00a0\u00a0\u00a0\u00a0 RESPONSABLE DEL TRATAMIENTO DE DATOS PERSONALES. <\/strong><\/p>\n<p><strong>\u00a0<\/strong><\/p>\n<p>El RESPONSABLE, ubicado en la calle San Martin y Juan Montalvo, con n\u00famero telef\u00f3nico (+5933701860) y correo electr\u00f3nico <a href=\"mailto:btorres@movilidadmachala.gob.ec\">btorres@movilidadmachala.gob.ec<\/a>, ser\u00e1 el responsable del tratamiento de los datos del usuario, los cuales ser\u00e1n debidamente recogidos, estructurados y almacenados en una base de datos. De ser el caso, los datos proporcionados por el usuario podr\u00e1n ser modificados y eliminados por el Responsable del Tratamiento de Datos Personales, adjuntando los justificativos del caso.<\/p>\n<p>&nbsp;<\/p>\n<ul>\n<li><strong> ENCARGADO DEL TRATAMIENTO DE DATOS PERSONALES.<\/strong><\/li>\n<\/ul>\n<p><strong>\u00a0<\/strong><\/p>\n<p>El RESPONSABLE declara que ha designado a YOVERI como <strong>encargado<\/strong> del tratamiento de los datos personales ingresados por el usuario a trav\u00e9s de la APLICACI\u00d3N; por lo tanto, en el marco del tratamiento de datos personales, las actividades de YOVERI se circunscribir\u00e1n \u00fanica y exclusivamente a las acciones encomendadas por el GAD de Machala.<\/p>\n<p>&nbsp;<\/p>\n<p>EL ENCARGADO, est\u00e1 ubicado en la calle km 1.5 v\u00eda a Samborond\u00f3n con n\u00famero telef\u00f3nico (+593 2837797) y correo electr\u00f3nico <a href=\"mailto:mgpalacios@yoveri.com.ec\">mgpalacios@yoveri.com.ec<\/a> y se encargar\u00e1 del tratamiento de los datos del usuario, los cuales ser\u00e1n debidamente recogidos, estructurados y almacenados en una base de datos de conformidad con las directrices del RESPONSABLE.<\/p>\n<p>&nbsp;<\/p>\n<p><strong>2.4\u00a0\u00a0\u00a0\u00a0 CONSENTIMIENTO PARA EL TRATAMIENTO DE DATOS PERSONALES.<\/strong><\/p>\n<p><strong>\u00a0<\/strong><\/p>\n<p>El usuario de manera libre, espec\u00edfica, informada, inequ\u00edvoca y voluntaria, autoriza al GAD de Machala en calidad de Responsable del Tratamiento de Datos Personales, a tratar la informaci\u00f3n que ingres\u00f3 por intermedio de la APLICACI\u00d3N con el prop\u00f3sito de:<\/p>\n<p>&nbsp;<\/p>\n<ul>\n<li>Usar, gestionar y acceder a los servicios de la APLICACI\u00d3N;<\/li>\n<\/ul>\n<p>&nbsp;<\/p>\n<ul>\n<li>Recibir informaci\u00f3n, propaganda, y publicidad, sea o no de tipo comercial, ya sea del RESPONSABLE o del ENCARGADO;<\/li>\n<\/ul>\n<p>&nbsp;<\/p>\n<ul>\n<li>Recibir notificaciones a trav\u00e9s del correo electr\u00f3nico ingresado por intermedio de la APLICACI\u00d3N. El usuario\/titular acepta, reconoce y declara que el antedicho correo electr\u00f3nico servir\u00e1 como medio de notificaci\u00f3n o de contacto para recibir cualquier tipo de comunicaci\u00f3n relacionada con la FINALIDAD de la APLICACI\u00d3N, inclusive en lo atinente a las infracciones de tr\u00e1nsito y a todo procedimiento de tr\u00e1nsito, transporte terrestre y seguridad vial; y,<\/li>\n<\/ul>\n<p>&nbsp;<\/p>\n<ul>\n<li>Recibir a trav\u00e9s del correo electr\u00f3nico ingresado por intermedio de la APLICACI\u00d3N las facturas o comprobantes de pago por el uso del parqueo tarifario; y en general, cualquier tipo de comunicaci\u00f3n relacionada con la FINALIDAD de la APLICACI\u00d3N.<\/li>\n<\/ul>\n<p>El usuario podr\u00e1 en cualquier momento revocar sin justificaci\u00f3n alguna, el consentimiento acerca del tratamiento de sus datos personales; para ello, bastar\u00e1 la sola comunicaci\u00f3n por escrito de su voluntad al RESPONSABLE del tratamiento al siguiente correo electr\u00f3nico: <a href=\"mailto:btorres@movilidadmachala.gob.ec\">btorres@movilidadmachala.gob.ec<\/a>.<\/p>\n<p>&nbsp;<\/p>\n<p>En caso de que el usuario revoque el consentimiento para tratar sus datos personales, no ser\u00e1 posible proceder al uso de la APLICACI\u00d3N.<\/p>\n<p><strong>\u00a0<\/strong><\/p>\n<p><strong>2.5\u00a0\u00a0\u00a0 CONSERVACI\u00d3N DE DATOS PERSONALES.<\/strong><\/p>\n<p><strong>\u00a0<\/strong><\/p>\n<p>Los datos proporcionados por el usuario se conservar\u00e1n durante 5 a\u00f1os en los sistemas y bases de datos del RESPONSABLE, mientras el usuario contin\u00fae haciendo uso de la APLICACI\u00d3N y siempre que no solicite su supresi\u00f3n.<\/p>\n<p><strong>\u00a0<\/strong><\/p>\n<p><strong>2.6\u00a0\u00a0\u00a0\u00a0 COMUNICACI\u00d3N Y TRANSFERENCIA DE DATOS.<\/strong><\/p>\n<p><strong>\u00a0<\/strong><\/p>\n<p>El usuario autoriza a que el RESPONSABLE otorgue el acceso o transmita sus datos personales a terceros proveedores de servicios con los que el RESPONSABLE haya suscrito acuerdos de encargo de tratamiento de datos, y que \u00fanicamente accedan a dicha informaci\u00f3n para prestar un servicio dentro de la APLICACI\u00d3N.<\/p>\n<p><strong>\u00a0<\/strong><\/p>\n<p><strong>2.7\u00a0 REGISTRO DE DATOS ERR\u00d3NEOS O INEXACTOS.<\/strong><\/p>\n<p><strong>\u00a0<\/strong><\/p>\n<p>El usuario declara, acepta y reconoce que el registro inexacto o err\u00f3neo de sus datos ser\u00e1 de su exclusiva responsabilidad, dejando indemne tanto al RESPONSABLE como al titular de la APLICACI\u00d3N, por el mal uso o uso indebido o cualquier da\u00f1o o perjuicio que aquello cause.<\/p>\n<p><strong>\u00a0<\/strong><\/p>\n<p>En caso de que el usuario no facilite al RESPONSABLE sus datos, o lo haga de forma err\u00f3nea o inexacta, no ser\u00e1\u0301 posible proceder al uso de la APLICACI\u00d3N.<\/p>\n<p><strong>\u00a0<\/strong><\/p>\n<p><strong>2.8\u00a0 SOLICITUDES Y RECLAMOS AL TRATAMIENTO DE DATOS.<\/strong><\/p>\n<p><strong>\u00a0<\/strong><\/p>\n<p>El usuario podr\u00e1 remitir sus solicitudes y reclamos a la direcci\u00f3n electr\u00f3nica <a href=\"mailto:btorres@movilidadmachala.gob.ec\">btorres@movilidadmachala.gob.ec<\/a> de propiedad del Responsable del Tratamiento de Datos Personales.<\/p>\n<p>&nbsp;<\/p>\n<ul>\n<li><strong>CONDICIONES GENERALES.-<\/strong><\/li>\n<\/ul>\n<p><strong>\u00a0<\/strong><\/p>\n<ul>\n<li><strong>LEGISLACI\u00d3N APLICABLE:<\/strong> Para el caso de disputas o controversias, la legislaci\u00f3n aplicable ser\u00e1 la de la Rep\u00fablica del Ecuador.<\/li>\n<\/ul>\n<p><strong>\u00a0<\/strong><\/p>\n<ul>\n<li><strong>ACTUALIZACI\u00d3N DE LOS T\u00c9RMINOS Y CONDICIONES:<\/strong> La pol\u00edtica de privacidad y tratamiento de datos personales para los usuarios de la APLICACI\u00d3N, podr\u00e1n ser modificados y actualizados de conformidad con la normativa vigente. El USUARIO acepta, reconoce y declara que, para la continuaci\u00f3n del uso de la APLICACI\u00d3N, deber\u00e1 aceptar los nuevos t\u00e9rminos y condiciones.<\/li>\n<\/ul>\n<p><strong>\u00a0<\/strong><\/p>\n<ul>\n<li>El t\u00e9rmino <em>\u201cusuario\u201d <\/em>o <em>\u201cusuarios\u201d <\/em>utilizado a lo largo de todo este documento, se refiere a todas las personas que de manera directa o indirecta hagan uso de la APLICACI\u00d3N.<\/li>\n<\/ul>\n<p><strong>\u00a0<\/strong><\/p>\n<ul>\n<li>En caso de que alguno de los t\u00e9rminos o condiciones que le dan forma y contenido al presente documento sea declarado como nulo, ilegal o inaplicable por autoridad competente, todas las dema\u0301s condiciones y te\u0301rminos seguira\u0301n surtiendo plenos efectos para las partes, siempre y cuando el objeto substancial no se vea afectado.<\/li>\n<\/ul>\n","protected":false},"excerpt":{"rendered":"<p>POLI\u0301TICA DE PRIVACIDAD Y TRATAMIENTO DE DATOS PERSONALES PARA LOS USUARIOS DE LA APLICACI\u00d3N DE PARQUEO TARIFADO DE MOVILIDAD MACHALA Fecha \u00faltima actualizaci\u00f3n: 04 de julio del 2023. En cumplimiento de la normativa vigente en materia de protecci\u00f3n de datos&hellip;<\/p>\n","protected":false},"author":1,"featured_media":0,"parent":0,"menu_order":0,"comment_status":"closed","ping_status":"closed","template":"","meta":{"footnotes":""},"class_list":["post-4248","page","type-page","status-publish","hentry"],"_links":{"self":[{"href":"https:\/\/www.movilidadmachala.gob.ec\/web\/wp-json\/wp\/v2\/pages\/4248","targetHints":{"allow":["GET"]}}],"collection":[{"href":"https:\/\/www.movilidadmachala.gob.ec\/web\/wp-json\/wp\/v2\/pages"}],"about":[{"href":"https:\/\/www.movilidadmachala.gob.ec\/web\/wp-json\/wp\/v2\/types\/page"}],"author":[{"embeddable":true,"href":"https:\/\/www.movilidadmachala.gob.ec\/web\/wp-json\/wp\/v2\/users\/1"}],"replies":[{"embeddable":true,"href":"https:\/\/www.movilidadmachala.gob.ec\/web\/wp-json\/wp\/v2\/comments?post=4248"}],"version-history":[{"count":2,"href":"https:\/\/www.movilidadmachala.gob.ec\/web\/wp-json\/wp\/v2\/pages\/4248\/revisions"}],"predecessor-version":[{"id":4251,"href":"https:\/\/www.movilidadmachala.gob.ec\/web\/wp-json\/wp\/v2\/pages\/4248\/revisions\/4251"}],"wp:attachment":[{"href":"https:\/\/www.movilidadmachala.gob.ec\/web\/wp-json\/wp\/v2\/media?parent=4248"}],"curies":[{"name":"wp","href":"https:\/\/api.w.org\/{rel}","templated":true}]}}