{"id":986,"date":"2021-09-14T17:10:30","date_gmt":"2021-09-14T22:10:30","guid":{"rendered":"https:\/\/www.movilidadmachala.gob.ec\/web\/?page_id=986"},"modified":"2022-01-14T12:37:58","modified_gmt":"2022-01-14T17:37:58","slug":"la-empresa","status":"publish","type":"page","link":"https:\/\/www.movilidadmachala.gob.ec\/web\/la-empresa\/","title":{"rendered":"LA EMPRESA"},"content":{"rendered":"<h2><\/h2>\n<h2 style=\"text-align: justify;\">LA EMPRESA<\/h2>\n<div id=\"texto\">\n<p style=\"text-align: justify;\"><strong>MISI\u00d3N<\/strong><\/p>\n<p style=\"text-align: justify;\">Hacemos m\u00e1s accesible el tr\u00e1nsito y la circulaci\u00f3n en Machala de una manera m\u00e1s segura y productiva, aportando al crecimiento ordenado de la ciudad de una manera responsable.<\/p>\n<p style=\"text-align: justify;\"><strong>VISI\u00d3N<\/strong><\/p>\n<p style=\"text-align: justify;\">Para el a\u00f1o 2023 la EPMMM es una empresa reconocida por la calidad t\u00e9cnica de su Planificaci\u00f3n, Administraci\u00f3n, Regulaci\u00f3n y Control de los servicios institucionales, fortalecida con procesos eficientes y con personal altamente calificado, que ha contribuido al crecimiento y desarrollo de una Machala m\u00e1s ordenada, ciudadanos con una cultura vial m\u00e1s consciente, en armon\u00eda con el medio ambiente, proyectando una rentabilidad sustentable y sostenible.<\/p>\n<p style=\"text-align: justify;\"><strong>OBJETIVOS INSTITUCIONALES<\/strong><\/p>\n<p style=\"text-align: justify;\">La Empresa P\u00fablica Municipal de Movilidad de Machala EPMM-M, \u00a0de acuerdo a las competencias asumidas y el nuevo modelo de gesti\u00f3n, cuenta con los siguientes objetivos institucionales:<\/p>\n<ul>\n<li style=\"text-align: justify;\">Desarrollar e implementar un marco regulatorio que garantice un sistema de transporte ambientalmente sostenible<\/li>\n<li style=\"text-align: justify;\">Fortalecer la educaci\u00f3n vial de la ciudadan\u00eda y el respeto a las leyes de tr\u00e1nsito.<\/li>\n<li style=\"text-align: justify;\">Ampliar la cobertura de la se\u00f1alizaci\u00f3n en la ciudad de Machala.<\/li>\n<li style=\"text-align: justify;\">Mantener altos niveles de satisfacci\u00f3n de nuestros usuarios en la prestaci\u00f3n de los servicios ofrecidos por la entidad.<\/li>\n<li style=\"text-align: justify;\">Impulsar programas de capacitaci\u00f3n y asesor\u00eda a las Operadoras, orientados a mejorar su productividad, competitividad y regulaci\u00f3n conforme lo establece la normativa vigente.<\/li>\n<li style=\"text-align: justify;\">Gestionar estrategias de desarrollo humano, que permitan contar con el personal calificado y orientado al logro de la misi\u00f3n y visi\u00f3n de la Empresa Municipal de Movilidad Machala EP.<\/li>\n<\/ul>\n<\/div>\n","protected":false},"excerpt":{"rendered":"<p>LA EMPRESA MISI\u00d3N Hacemos m\u00e1s accesible el tr\u00e1nsito y la circulaci\u00f3n en Machala de una manera m\u00e1s segura y productiva, aportando al crecimiento ordenado de la ciudad de una manera responsable. VISI\u00d3N Para el a\u00f1o 2023 la EPMMM es una&hellip;<\/p>\n","protected":false},"author":1,"featured_media":0,"parent":0,"menu_order":0,"comment_status":"closed","ping_status":"closed","template":"","meta":{"footnotes":""},"class_list":["post-986","page","type-page","status-publish","hentry"],"_links":{"self":[{"href":"https:\/\/www.movilidadmachala.gob.ec\/web\/wp-json\/wp\/v2\/pages\/986","targetHints":{"allow":["GET"]}}],"collection":[{"href":"https:\/\/www.movilidadmachala.gob.ec\/web\/wp-json\/wp\/v2\/pages"}],"about":[{"href":"https:\/\/www.movilidadmachala.gob.ec\/web\/wp-json\/wp\/v2\/types\/page"}],"author":[{"embeddable":true,"href":"https:\/\/www.movilidadmachala.gob.ec\/web\/wp-json\/wp\/v2\/users\/1"}],"replies":[{"embeddable":true,"href":"https:\/\/www.movilidadmachala.gob.ec\/web\/wp-json\/wp\/v2\/comments?post=986"}],"version-history":[{"count":7,"href":"https:\/\/www.movilidadmachala.gob.ec\/web\/wp-json\/wp\/v2\/pages\/986\/revisions"}],"predecessor-version":[{"id":6142,"href":"https:\/\/www.movilidadmachala.gob.ec\/web\/wp-json\/wp\/v2\/pages\/986\/revisions\/6142"}],"wp:attachment":[{"href":"https:\/\/www.movilidadmachala.gob.ec\/web\/wp-json\/wp\/v2\/media?parent=986"}],"curies":[{"name":"wp","href":"https:\/\/api.w.org\/{rel}","templated":true}]}}